{"id":83,"date":"2020-03-20T16:46:12","date_gmt":"2020-03-20T15:46:12","guid":{"rendered":"https:\/\/zukunft-technik.de\/lounge\/?page_id=83"},"modified":"2020-07-24T15:28:15","modified_gmt":"2020-07-24T13:28:15","slug":"bereich-montagehandling","status":"publish","type":"page","link":"https:\/\/zukunft-technik.de\/lounge\/bereich-montagehandling\/","title":{"rendered":"Montagetechnik und Handhabung"},"content":{"rendered":"<p>[et_pb_section fb_built=&#8220;1&#8243; fullwidth=&#8220;on&#8220; _builder_version=&#8220;4.3.4&#8243;][et_pb_fullwidth_header title=&#8220;Montagetechnik. F\u00fcgetechnik und Handhabungsger\u00e4te&#8220; subhead=&#8220;HALLE A &#8220; button_one_text=&#8220;Zur Halle B&#8220; button_one_url=&#8220;https:\/\/zukunft-technik.de\/lounge\/bereich-verbindungselemente\/&#8220; button_two_text=&#8220;Aussteller&#8220; button_two_url=&#8220;https:\/\/zukunft-technik.de\/lounge\/aussteller\/&#8220; _builder_version=&#8220;4.3.4&#8243; background_color=&#8220;#395359&#8243;][\/et_pb_fullwidth_header][\/et_pb_section][et_pb_section fb_built=&#8220;1&#8243; fullwidth=&#8220;on&#8220; _builder_version=&#8220;4.3.4&#8243;][et_pb_fullwidth_header title=&#8220;Schraubtechnik-Produkte&#8220; subhead=&#8220;Montage- und Schraubwerkzeuge  f\u00fcr die Industrie&#8220; text_orientation=&#8220;center&#8220; button_one_text=&#8220;Reportagen zum Thema Montagetechnik&#8220; button_one_url=&#8220;https:\/\/zukunft-technik.de\/category\/automatisierung-und-schraubtechnik\/&#8220; button_two_text=&#8220;Download Infos zum Thema Schraubwerkzeuge &#8220; button_two_url=&#8220;https:\/\/zukunft-technik.de\/wp-content\/uploads\/2017\/05\/Kraftschrauber-Klassifikation.pdf&#8220; _builder_version=&#8220;4.3.4&#8243; title_level=&#8220;h2&#8243; title_font=&#8220;|700||on|||||&#8220; title_text_color=&#8220;#707070&#8243; title_font_size=&#8220;35px&#8220; content_font=&#8220;||||||||&#8220; background_enable_color=&#8220;off&#8220; custom_button_one=&#8220;on&#8220; button_one_text_size=&#8220;16px&#8220; button_one_text_color=&#8220;#6d6d6d&#8220; custom_button_two=&#8220;on&#8220; button_two_text_size=&#8220;16px&#8220; button_two_text_color=&#8220;#686868&#8243; background_layout=&#8220;light&#8220; width=&#8220;100%&#8220; custom_padding_tablet=&#8220;&#8220; custom_padding_phone=&#8220;&#8220; custom_padding_last_edited=&#8220;on|phone&#8220; title_font_tablet=&#8220;&#8220; title_font_phone=&#8220;&#8220; title_font_last_edited=&#8220;on|phone&#8220; title_font_size_tablet=&#8220;&#8220; title_font_size_phone=&#8220;30px&#8220; title_font_size_last_edited=&#8220;on|phone&#8220; border_width_all=&#8220;2px&#8220;][\/et_pb_fullwidth_header][\/et_pb_section][et_pb_section fb_built=&#8220;1&#8243; _builder_version=&#8220;4.3.4&#8243;][et_pb_row _builder_version=&#8220;4.3.4&#8243;][et_pb_column type=&#8220;4_4&#8243; _builder_version=&#8220;4.3.4&#8243;][et_pb_tabs _builder_version=&#8220;4.3.4&#8243;][et_pb_tab title=&#8220;Ziehendes und drehendes Anzugsverfahren&#8220; _builder_version=&#8220;4.3.4&#8243;]<\/p>\n<p>Die Schraubtechnik im Allgemeinen kann man je nach Verfahren in ziehende und drehende Schraubtechnik einteilen (<a href=\"https:\/\/zukunft-technik.de\/kraftschrauber\/\">siehe PDF mit \u00dcbersicht<\/a>). Spindel und Controller sind Kernelemente der drehenden Schraubtechnik. Bei dem ziehenden Anzugsverfahren handelt es sich vor allem um Schraubspannvorrichtungen, und Hydraulikmuttern.<\/p>\n<p>[\/et_pb_tab][et_pb_tab title=&#8220;Pneumatische und elelektrische Schrauber&#8220; _builder_version=&#8220;4.3.4&#8243;]<\/p>\n<p class=\"ox-1b6db21c3a-MsoNormal\">Jede dieser Werkzeuggruppen besitzt\u00a0spezifische Eigenschaften und individuelle Vorteile.<\/p>\n<p class=\"ox-1b6db21c3a-MsoNormal\">So punkten die elektrisch angetriebenen Werkzeuge mit mehr Prozesssicherheit. Die neue Generation elektronisch gesteuerter und dokumentationsf\u00e4higer Schraubwerkzeuge erm\u00f6glicht die Auswahl erforderlicher Anzugsparameter und erleichtert die Qualit\u00e4tssicherung durch dokumentierte Schraubvorg\u00e4nge.<\/p>\n<p class=\"ox-1b6db21c3a-MsoNormal\">Die pneumatischen Schrauber sind sehr robust und brauchen keinen Strom. Bei Montagearbeiten in gef\u00e4hrlichen Gas- und \u00d6lumgebungen sind diese funken-freien Werkzeuge absolut unentbehrlich.<\/p>\n<p>[\/et_pb_tab][et_pb_tab title=&#8220;Schraubautomaten&#8220; _builder_version=&#8220;4.3.4&#8243;]<\/p>\n<p>\u00a0Schraubmodule mit automatischer Zuf\u00fchrung.<\/p>\n<p>[\/et_pb_tab][\/et_pb_tabs][\/et_pb_column][\/et_pb_row][\/et_pb_section][et_pb_section fb_built=&#8220;1&#8243; _builder_version=&#8220;4.3.4&#8243;][et_pb_row _builder_version=&#8220;4.3.4&#8243; module_alignment=&#8220;center&#8220; custom_margin=&#8220;-15px|527px|-15px|auto|true|false&#8220;][et_pb_column type=&#8220;4_4&#8243; _builder_version=&#8220;4.3.4&#8243;][et_pb_blog fullwidth=&#8220;off&#8220; posts_number=&#8220;100&#8243; include_categories=&#8220;66&#8243; use_manual_excerpt=&#8220;off&#8220; show_author=&#8220;off&#8220; show_date=&#8220;off&#8220; show_categories=&#8220;off&#8220; show_excerpt=&#8220;off&#8220; show_pagination=&#8220;off&#8220; _builder_version=&#8220;4.3.4&#8243; module_alignment=&#8220;center&#8220; custom_margin=&#8220;-24px||-24px||true|false&#8220; custom_padding=&#8220;0px||||false|false&#8220;][\/et_pb_blog][\/et_pb_column][\/et_pb_row][\/et_pb_section][et_pb_section fb_built=&#8220;1&#8243; fullwidth=&#8220;on&#8220; _builder_version=&#8220;4.3.4&#8243;][et_pb_fullwidth_header title=&#8220;Zuf\u00fchrtechnik-Produkte&#8220; text_orientation=&#8220;center&#8220; admin_label=&#8220;Zuf\u00fchrtechnik Header&#8220; _builder_version=&#8220;4.3.4&#8243; title_level=&#8220;h2&#8243; title_font=&#8220;|700||on|||||&#8220; title_text_color=&#8220;#707070&#8243; title_font_size=&#8220;35px&#8220; content_font=&#8220;||||||||&#8220; background_enable_color=&#8220;off&#8220; background_layout=&#8220;light&#8220; width=&#8220;100%&#8220; custom_padding_tablet=&#8220;&#8220; custom_padding_phone=&#8220;&#8220; custom_padding_last_edited=&#8220;on|phone&#8220; title_font_tablet=&#8220;&#8220; title_font_phone=&#8220;&#8220; title_font_last_edited=&#8220;on|phone&#8220; title_font_size_tablet=&#8220;&#8220; title_font_size_phone=&#8220;30px&#8220; title_font_size_last_edited=&#8220;on|phone&#8220; border_width_all=&#8220;2px&#8220;][\/et_pb_fullwidth_header][\/et_pb_section][et_pb_section fb_built=&#8220;1&#8243; _builder_version=&#8220;4.3.4&#8243;][et_pb_row _builder_version=&#8220;4.3.4&#8243;][et_pb_column type=&#8220;4_4&#8243; _builder_version=&#8220;4.3.4&#8243;][et_pb_blog fullwidth=&#8220;off&#8220; include_categories=&#8220;86&#8243; use_manual_excerpt=&#8220;off&#8220; show_author=&#8220;off&#8220; show_date=&#8220;off&#8220; show_categories=&#8220;off&#8220; show_excerpt=&#8220;off&#8220; show_pagination=&#8220;off&#8220; _builder_version=&#8220;4.3.4&#8243;][\/et_pb_blog][\/et_pb_column][\/et_pb_row][\/et_pb_section][et_pb_section fb_built=&#8220;1&#8243; fullwidth=&#8220;on&#8220; _builder_version=&#8220;4.3.4&#8243;][et_pb_fullwidth_header title=&#8220;Montage-Assistenzsysteme&#8220; subhead=&#8220;Werkerf\u00fchrung, Positionserkennung, Visualisierung&#8220; text_orientation=&#8220;center&#8220; admin_label=&#8220;Zuf\u00fchrtechnik Header&#8220; _builder_version=&#8220;4.3.4&#8243; title_level=&#8220;h2&#8243; title_font=&#8220;|700||on|||||&#8220; title_text_color=&#8220;#707070&#8243; title_font_size=&#8220;35px&#8220; content_font=&#8220;||||||||&#8220; background_enable_color=&#8220;off&#8220; background_layout=&#8220;light&#8220; width=&#8220;100%&#8220; custom_padding_tablet=&#8220;&#8220; custom_padding_phone=&#8220;&#8220; custom_padding_last_edited=&#8220;on|phone&#8220; title_font_tablet=&#8220;&#8220; title_font_phone=&#8220;&#8220; title_font_last_edited=&#8220;on|phone&#8220; title_font_size_tablet=&#8220;&#8220; title_font_size_phone=&#8220;30px&#8220; title_font_size_last_edited=&#8220;on|phone&#8220; border_width_all=&#8220;2px&#8220;][\/et_pb_fullwidth_header][\/et_pb_section][et_pb_section fb_built=&#8220;1&#8243; _builder_version=&#8220;4.3.4&#8243;][et_pb_row _builder_version=&#8220;4.3.4&#8243;][et_pb_column type=&#8220;4_4&#8243; _builder_version=&#8220;4.3.4&#8243;][et_pb_blog fullwidth=&#8220;off&#8220; include_categories=&#8220;87&#8243; show_author=&#8220;off&#8220; show_date=&#8220;off&#8220; show_categories=&#8220;off&#8220; show_excerpt=&#8220;off&#8220; show_pagination=&#8220;off&#8220; admin_label=&#8220;Blog Werkerf\u00fchrung und Assistenz&#8220; _builder_version=&#8220;4.3.4&#8243;][\/et_pb_blog][\/et_pb_column][\/et_pb_row][\/et_pb_section][et_pb_section fb_built=&#8220;1&#8243; fullwidth=&#8220;on&#8220; _builder_version=&#8220;4.3.4&#8243;][et_pb_fullwidth_header title=&#8220;Messtechnik zur \u00dcberwachung des Schraubvorgangs&#8220; text_orientation=&#8220;center&#8220; _builder_version=&#8220;4.3.4&#8243; title_level=&#8220;h2&#8243; title_font=&#8220;|700||on|||||&#8220; title_text_color=&#8220;#707070&#8243; title_font_size=&#8220;35px&#8220; content_font=&#8220;||||||||&#8220; background_enable_color=&#8220;off&#8220; background_layout=&#8220;light&#8220; width=&#8220;100%&#8220; custom_padding_tablet=&#8220;&#8220; custom_padding_phone=&#8220;&#8220; custom_padding_last_edited=&#8220;on|phone&#8220; title_font_tablet=&#8220;&#8220; title_font_phone=&#8220;&#8220; title_font_last_edited=&#8220;on|phone&#8220; title_font_size_tablet=&#8220;&#8220; title_font_size_phone=&#8220;30px&#8220; title_font_size_last_edited=&#8220;on|phone&#8220; border_width_all=&#8220;2px&#8220;][\/et_pb_fullwidth_header][\/et_pb_section][et_pb_section fb_built=&#8220;1&#8243; _builder_version=&#8220;4.3.4&#8243;][et_pb_row _builder_version=&#8220;4.3.4&#8243;][et_pb_column type=&#8220;4_4&#8243; _builder_version=&#8220;4.3.4&#8243;][et_pb_blog fullwidth=&#8220;off&#8220; include_categories=&#8220;84&#8243; show_author=&#8220;off&#8220; show_date=&#8220;off&#8220; show_categories=&#8220;off&#8220; show_excerpt=&#8220;off&#8220; show_pagination=&#8220;off&#8220; _builder_version=&#8220;4.3.4&#8243;][\/et_pb_blog][\/et_pb_column][\/et_pb_row][\/et_pb_section][et_pb_section fb_built=&#8220;1&#8243; fullwidth=&#8220;on&#8220; module_id=&#8220;handhabung&#8220; _builder_version=&#8220;4.3.4&#8243;][et_pb_fullwidth_header title=&#8220;Handhabung&#8220; subhead=&#8220;Handlingsysteme, Manipulatoren, Handhabungsger\u00e4te und Assistenzsysteme&#8220; text_orientation=&#8220;center&#8220; _builder_version=&#8220;4.3.4&#8243; title_level=&#8220;h2&#8243; title_font=&#8220;|700||on|||||&#8220; title_text_color=&#8220;#707070&#8243; title_font_size=&#8220;35px&#8220; subhead_text_color=&#8220;#707070&#8243; background_enable_color=&#8220;off&#8220; border_width_all=&#8220;2px&#8220;][\/et_pb_fullwidth_header][\/et_pb_section][et_pb_section fb_built=&#8220;1&#8243; _builder_version=&#8220;4.3.4&#8243;][et_pb_row _builder_version=&#8220;4.3.4&#8243;][et_pb_column type=&#8220;4_4&#8243; _builder_version=&#8220;4.3.4&#8243;][et_pb_blog fullwidth=&#8220;off&#8220; include_categories=&#8220;67&#8243; show_author=&#8220;off&#8220; show_date=&#8220;off&#8220; show_categories=&#8220;off&#8220; show_excerpt=&#8220;off&#8220; show_pagination=&#8220;off&#8220; _builder_version=&#8220;4.3.4&#8243;][\/et_pb_blog][\/et_pb_column][\/et_pb_row][\/et_pb_section]<\/p>\n","protected":false},"excerpt":{"rendered":"<p>[et_pb_section fb_built=&#8220;1&#8243; fullwidth=&#8220;on&#8220; _builder_version=&#8220;4.3.4&#8243;][et_pb_fullwidth_header title=&#8220;Montagetechnik. F\u00fcgetechnik und Handhabungsger\u00e4te&#8220; subhead=&#8220;HALLE A &#8220; button_one_text=&#8220;Zur Halle B&#8220; button_one_url=&#8220;https:\/\/zukunft-technik.de\/lounge\/bereich-verbindungselemente\/&#8220; button_two_text=&#8220;Aussteller&#8220; button_two_url=&#8220;https:\/\/zukunft-technik.de\/lounge\/aussteller\/&#8220; _builder_version=&#8220;4.3.4&#8243; background_color=&#8220;#395359&#8243;][\/et_pb_fullwidth_header][\/et_pb_section][et_pb_section fb_built=&#8220;1&#8243; fullwidth=&#8220;on&#8220; _builder_version=&#8220;4.3.4&#8243;][et_pb_fullwidth_header title=&#8220;Schraubtechnik-Produkte&#8220; subhead=&#8220;Montage- und Schraubwerkzeuge f\u00fcr die Industrie&#8220; text_orientation=&#8220;center&#8220; button_one_text=&#8220;Reportagen zum Thema Montagetechnik&#8220; button_one_url=&#8220;https:\/\/zukunft-technik.de\/category\/automatisierung-und-schraubtechnik\/&#8220; button_two_text=&#8220;Download Infos zum Thema Schraubwerkzeuge &#8220; button_two_url=&#8220;https:\/\/zukunft-technik.de\/wp-content\/uploads\/2017\/05\/Kraftschrauber-Klassifikation.pdf&#8220; _builder_version=&#8220;4.3.4&#8243; title_level=&#8220;h2&#8243; title_font=&#8220;|700||on|||||&#8220; title_text_color=&#8220;#707070&#8243; title_font_size=&#8220;35px&#8220; content_font=&#8220;||||||||&#8220; background_enable_color=&#8220;off&#8220; custom_button_one=&#8220;on&#8220; button_one_text_size=&#8220;16px&#8220; button_one_text_color=&#8220;#6d6d6d&#8220; custom_button_two=&#8220;on&#8220; button_two_text_size=&#8220;16px&#8220; button_two_text_color=&#8220;#686868&#8243; [&hellip;]<\/p>\n","protected":false},"author":1,"featured_media":704,"parent":0,"menu_order":0,"comment_status":"closed","ping_status":"closed","template":"","meta":{"_et_pb_use_builder":"on","_et_pb_old_content":"","_et_gb_content_width":"","footnotes":""},"class_list":["post-83","page","type-page","status-publish","has-post-thumbnail","hentry"],"yoast_head":"<!-- This site is optimized with the Yoast SEO plugin v26.0 - https:\/\/yoast.com\/wordpress\/plugins\/seo\/ -->\n<title>Montagehandling - Montagewerkzeuge - Handlingsysteme<\/title>\n<meta name=\"description\" content=\"In der Halle &quot;Montagetechnik&quot; finden Sie zahlreiche Montagewerkzeuge, Schraubwerkzeuge, Manipulatoren, Zubeh\u00f6r und Appliaktionen.\" \/>\n<meta name=\"robots\" content=\"index, follow, max-snippet:-1, max-image-preview:large, max-video-preview:-1\" \/>\n<link rel=\"canonical\" href=\"https:\/\/zukunft-technik.de\/lounge\/bereich-montagehandling\/\" \/>\n<meta property=\"og:locale\" content=\"de_DE\" \/>\n<meta property=\"og:type\" content=\"article\" \/>\n<meta property=\"og:title\" content=\"Montagehandling - Montagewerkzeuge - Handlingsysteme\" \/>\n<meta property=\"og:description\" content=\"In der Halle &quot;Montagetechnik&quot; finden Sie zahlreiche Montagewerkzeuge, Schraubwerkzeuge, Manipulatoren, Zubeh\u00f6r und Appliaktionen.\" \/>\n<meta property=\"og:url\" content=\"https:\/\/zukunft-technik.de\/lounge\/bereich-montagehandling\/\" \/>\n<meta property=\"og:site_name\" content=\"Lounge\" \/>\n<meta property=\"article:modified_time\" content=\"2020-07-24T13:28:15+00:00\" \/>\n<meta property=\"og:image\" content=\"https:\/\/zukunft-technik.de\/lounge\/wp-content\/uploads\/2020\/03\/TExtur-Bauteil-1294.jpg\" \/>\n\t<meta property=\"og:image:width\" content=\"600\" \/>\n\t<meta property=\"og:image:height\" content=\"400\" \/>\n\t<meta property=\"og:image:type\" content=\"image\/jpeg\" \/>\n<meta name=\"twitter:card\" content=\"summary_large_image\" \/>\n<meta name=\"twitter:label1\" content=\"Gesch\u00e4tzte Lesezeit\" \/>\n\t<meta name=\"twitter:data1\" content=\"5\u00a0Minuten\" \/>\n<script type=\"application\/ld+json\" class=\"yoast-schema-graph\">{\"@context\":\"https:\/\/schema.org\",\"@graph\":[{\"@type\":\"WebPage\",\"@id\":\"https:\/\/zukunft-technik.de\/lounge\/bereich-montagehandling\/\",\"url\":\"https:\/\/zukunft-technik.de\/lounge\/bereich-montagehandling\/\",\"name\":\"Montagehandling - Montagewerkzeuge - Handlingsysteme\",\"isPartOf\":{\"@id\":\"https:\/\/zukunft-technik.de\/lounge\/#website\"},\"primaryImageOfPage\":{\"@id\":\"https:\/\/zukunft-technik.de\/lounge\/bereich-montagehandling\/#primaryimage\"},\"image\":{\"@id\":\"https:\/\/zukunft-technik.de\/lounge\/bereich-montagehandling\/#primaryimage\"},\"thumbnailUrl\":\"https:\/\/zukunft-technik.de\/lounge\/wp-content\/uploads\/2020\/03\/TExtur-Bauteil-1294.jpg\",\"datePublished\":\"2020-03-20T15:46:12+00:00\",\"dateModified\":\"2020-07-24T13:28:15+00:00\",\"description\":\"In der Halle \\\"Montagetechnik\\\" finden Sie zahlreiche Montagewerkzeuge, Schraubwerkzeuge, Manipulatoren, Zubeh\u00f6r und Appliaktionen.\",\"breadcrumb\":{\"@id\":\"https:\/\/zukunft-technik.de\/lounge\/bereich-montagehandling\/#breadcrumb\"},\"inLanguage\":\"de\",\"potentialAction\":[{\"@type\":\"ReadAction\",\"target\":[\"https:\/\/zukunft-technik.de\/lounge\/bereich-montagehandling\/\"]}]},{\"@type\":\"ImageObject\",\"inLanguage\":\"de\",\"@id\":\"https:\/\/zukunft-technik.de\/lounge\/bereich-montagehandling\/#primaryimage\",\"url\":\"https:\/\/zukunft-technik.de\/lounge\/wp-content\/uploads\/2020\/03\/TExtur-Bauteil-1294.jpg\",\"contentUrl\":\"https:\/\/zukunft-technik.de\/lounge\/wp-content\/uploads\/2020\/03\/TExtur-Bauteil-1294.jpg\",\"width\":600,\"height\":400,\"caption\":\"Ausstellung_Montagetechnik, F\u00fcgetechnik\"},{\"@type\":\"BreadcrumbList\",\"@id\":\"https:\/\/zukunft-technik.de\/lounge\/bereich-montagehandling\/#breadcrumb\",\"itemListElement\":[{\"@type\":\"ListItem\",\"position\":1,\"name\":\"Startseite\",\"item\":\"https:\/\/zukunft-technik.de\/lounge\/\"},{\"@type\":\"ListItem\",\"position\":2,\"name\":\"Montagetechnik und Handhabung\"}]},{\"@type\":\"WebSite\",\"@id\":\"https:\/\/zukunft-technik.de\/lounge\/#website\",\"url\":\"https:\/\/zukunft-technik.de\/lounge\/\",\"name\":\"Lounge\",\"description\":\"Virtuelle Ausstellung Special Content\",\"publisher\":{\"@id\":\"https:\/\/zukunft-technik.de\/lounge\/#organization\"},\"potentialAction\":[{\"@type\":\"SearchAction\",\"target\":{\"@type\":\"EntryPoint\",\"urlTemplate\":\"https:\/\/zukunft-technik.de\/lounge\/?s={search_term_string}\"},\"query-input\":{\"@type\":\"PropertyValueSpecification\",\"valueRequired\":true,\"valueName\":\"search_term_string\"}}],\"inLanguage\":\"de\"},{\"@type\":\"Organization\",\"@id\":\"https:\/\/zukunft-technik.de\/lounge\/#organization\",\"name\":\"Agentur \\\"Special Content\\\"\",\"url\":\"https:\/\/zukunft-technik.de\/lounge\/\",\"logo\":{\"@type\":\"ImageObject\",\"inLanguage\":\"de\",\"@id\":\"https:\/\/zukunft-technik.de\/lounge\/#\/schema\/logo\/image\/\",\"url\":\"https:\/\/zukunft-technik.de\/lounge\/wp-content\/uploads\/2020\/03\/Untitled-1.png\",\"contentUrl\":\"https:\/\/zukunft-technik.de\/lounge\/wp-content\/uploads\/2020\/03\/Untitled-1.png\",\"width\":700,\"height\":299,\"caption\":\"Agentur \\\"Special Content\\\"\"},\"image\":{\"@id\":\"https:\/\/zukunft-technik.de\/lounge\/#\/schema\/logo\/image\/\"}}]}<\/script>\n<!-- \/ Yoast SEO plugin. -->","yoast_head_json":{"title":"Montagehandling - Montagewerkzeuge - Handlingsysteme","description":"In der Halle \"Montagetechnik\" finden Sie zahlreiche Montagewerkzeuge, Schraubwerkzeuge, Manipulatoren, Zubeh\u00f6r und Appliaktionen.","robots":{"index":"index","follow":"follow","max-snippet":"max-snippet:-1","max-image-preview":"max-image-preview:large","max-video-preview":"max-video-preview:-1"},"canonical":"https:\/\/zukunft-technik.de\/lounge\/bereich-montagehandling\/","og_locale":"de_DE","og_type":"article","og_title":"Montagehandling - Montagewerkzeuge - Handlingsysteme","og_description":"In der Halle \"Montagetechnik\" finden Sie zahlreiche Montagewerkzeuge, Schraubwerkzeuge, Manipulatoren, Zubeh\u00f6r und Appliaktionen.","og_url":"https:\/\/zukunft-technik.de\/lounge\/bereich-montagehandling\/","og_site_name":"Lounge","article_modified_time":"2020-07-24T13:28:15+00:00","og_image":[{"width":600,"height":400,"url":"https:\/\/zukunft-technik.de\/lounge\/wp-content\/uploads\/2020\/03\/TExtur-Bauteil-1294.jpg","type":"image\/jpeg"}],"twitter_card":"summary_large_image","twitter_misc":{"Gesch\u00e4tzte Lesezeit":"5\u00a0Minuten"},"schema":{"@context":"https:\/\/schema.org","@graph":[{"@type":"WebPage","@id":"https:\/\/zukunft-technik.de\/lounge\/bereich-montagehandling\/","url":"https:\/\/zukunft-technik.de\/lounge\/bereich-montagehandling\/","name":"Montagehandling - Montagewerkzeuge - Handlingsysteme","isPartOf":{"@id":"https:\/\/zukunft-technik.de\/lounge\/#website"},"primaryImageOfPage":{"@id":"https:\/\/zukunft-technik.de\/lounge\/bereich-montagehandling\/#primaryimage"},"image":{"@id":"https:\/\/zukunft-technik.de\/lounge\/bereich-montagehandling\/#primaryimage"},"thumbnailUrl":"https:\/\/zukunft-technik.de\/lounge\/wp-content\/uploads\/2020\/03\/TExtur-Bauteil-1294.jpg","datePublished":"2020-03-20T15:46:12+00:00","dateModified":"2020-07-24T13:28:15+00:00","description":"In der Halle \"Montagetechnik\" finden Sie zahlreiche Montagewerkzeuge, Schraubwerkzeuge, Manipulatoren, Zubeh\u00f6r und Appliaktionen.","breadcrumb":{"@id":"https:\/\/zukunft-technik.de\/lounge\/bereich-montagehandling\/#breadcrumb"},"inLanguage":"de","potentialAction":[{"@type":"ReadAction","target":["https:\/\/zukunft-technik.de\/lounge\/bereich-montagehandling\/"]}]},{"@type":"ImageObject","inLanguage":"de","@id":"https:\/\/zukunft-technik.de\/lounge\/bereich-montagehandling\/#primaryimage","url":"https:\/\/zukunft-technik.de\/lounge\/wp-content\/uploads\/2020\/03\/TExtur-Bauteil-1294.jpg","contentUrl":"https:\/\/zukunft-technik.de\/lounge\/wp-content\/uploads\/2020\/03\/TExtur-Bauteil-1294.jpg","width":600,"height":400,"caption":"Ausstellung_Montagetechnik, F\u00fcgetechnik"},{"@type":"BreadcrumbList","@id":"https:\/\/zukunft-technik.de\/lounge\/bereich-montagehandling\/#breadcrumb","itemListElement":[{"@type":"ListItem","position":1,"name":"Startseite","item":"https:\/\/zukunft-technik.de\/lounge\/"},{"@type":"ListItem","position":2,"name":"Montagetechnik und Handhabung"}]},{"@type":"WebSite","@id":"https:\/\/zukunft-technik.de\/lounge\/#website","url":"https:\/\/zukunft-technik.de\/lounge\/","name":"Lounge","description":"Virtuelle Ausstellung Special Content","publisher":{"@id":"https:\/\/zukunft-technik.de\/lounge\/#organization"},"potentialAction":[{"@type":"SearchAction","target":{"@type":"EntryPoint","urlTemplate":"https:\/\/zukunft-technik.de\/lounge\/?s={search_term_string}"},"query-input":{"@type":"PropertyValueSpecification","valueRequired":true,"valueName":"search_term_string"}}],"inLanguage":"de"},{"@type":"Organization","@id":"https:\/\/zukunft-technik.de\/lounge\/#organization","name":"Agentur \"Special Content\"","url":"https:\/\/zukunft-technik.de\/lounge\/","logo":{"@type":"ImageObject","inLanguage":"de","@id":"https:\/\/zukunft-technik.de\/lounge\/#\/schema\/logo\/image\/","url":"https:\/\/zukunft-technik.de\/lounge\/wp-content\/uploads\/2020\/03\/Untitled-1.png","contentUrl":"https:\/\/zukunft-technik.de\/lounge\/wp-content\/uploads\/2020\/03\/Untitled-1.png","width":700,"height":299,"caption":"Agentur \"Special Content\""},"image":{"@id":"https:\/\/zukunft-technik.de\/lounge\/#\/schema\/logo\/image\/"}}]}},"_links":{"self":[{"href":"https:\/\/zukunft-technik.de\/lounge\/wp-json\/wp\/v2\/pages\/83","targetHints":{"allow":["GET"]}}],"collection":[{"href":"https:\/\/zukunft-technik.de\/lounge\/wp-json\/wp\/v2\/pages"}],"about":[{"href":"https:\/\/zukunft-technik.de\/lounge\/wp-json\/wp\/v2\/types\/page"}],"author":[{"embeddable":true,"href":"https:\/\/zukunft-technik.de\/lounge\/wp-json\/wp\/v2\/users\/1"}],"replies":[{"embeddable":true,"href":"https:\/\/zukunft-technik.de\/lounge\/wp-json\/wp\/v2\/comments?post=83"}],"version-history":[{"count":0,"href":"https:\/\/zukunft-technik.de\/lounge\/wp-json\/wp\/v2\/pages\/83\/revisions"}],"wp:featuredmedia":[{"embeddable":true,"href":"https:\/\/zukunft-technik.de\/lounge\/wp-json\/wp\/v2\/media\/704"}],"wp:attachment":[{"href":"https:\/\/zukunft-technik.de\/lounge\/wp-json\/wp\/v2\/media?parent=83"}],"curies":[{"name":"wp","href":"https:\/\/api.w.org\/{rel}","templated":true}]}}