{"id":7,"date":"2020-03-18T17:02:21","date_gmt":"2020-03-18T16:02:21","guid":{"rendered":"https:\/\/zukunft-technik.de\/lounge\/?page_id=7"},"modified":"2020-07-24T15:21:36","modified_gmt":"2020-07-24T13:21:36","slug":"startseite","status":"publish","type":"page","link":"https:\/\/zukunft-technik.de\/lounge\/","title":{"rendered":"Virtuelle Ausstellung f\u00fcr Technik &#8222;Special Content&#8220;"},"content":{"rendered":"<p>[et_pb_section fb_built=&#8220;1&#8243; fullwidth=&#8220;on&#8220; _builder_version=&#8220;4.3.4&#8243; background_enable_color=&#8220;off&#8220; background_enable_image=&#8220;off&#8220; background_position=&#8220;bottom_right&#8220; custom_margin=&#8220;-41px||-41px||true|false&#8220;][et_pb_fullwidth_header title=&#8220;Virtuelle Ausstellung f\u00fcr Technik &#8220; button_one_text=&#8220;\u00dcber diese Plattform&#8220; button_one_url=&#8220;#plattform&#8220; logo_image_url=&#8220;https:\/\/zukunft-technik.de\/lounge\/wp-content\/uploads\/2020\/03\/Virtuelle-A-sc.jpg&#8220; header_image_url=&#8220;https:\/\/zukunft-technik.de\/lounge\/wp-content\/uploads\/2020\/03\/Konstruktion-Karriere-Pro-Automation.jpg&#8220; _builder_version=&#8220;4.3.4&#8243; title_font=&#8220;|600|||||||&#8220; title_text_color=&#8220;#045372&#8243; title_font_size=&#8220;26px&#8220; content_line_height=&#8220;1.4em&#8220; background_enable_color=&#8220;off&#8220; custom_button_one=&#8220;on&#8220; button_one_text_color=&#8220;#097a96&#8243; background_layout=&#8220;light&#8220;][\/et_pb_fullwidth_header][\/et_pb_section][et_pb_section fb_built=&#8220;1&#8243; fullwidth=&#8220;on&#8220; _builder_version=&#8220;4.3.4&#8243; global_module=&#8220;412&#8243; saved_tabs=&#8220;all&#8220;][et_pb_fullwidth_menu menu_id=&#8220;28&#8243; _builder_version=&#8220;4.3.4&#8243; menu_font=&#8220;|700||on|||||&#8220; menu_text_color=&#8220;#ffffff&#8220; menu_font_size=&#8220;15px&#8220; background_color=&#8220;#005772&#8243; custom_margin=&#8220;-18px||3px||false|false&#8220; custom_padding=&#8220;||0px||false|false&#8220; border_width_all=&#8220;1px&#8220;][\/et_pb_fullwidth_menu][\/et_pb_section][et_pb_section fb_built=&#8220;1&#8243; fullwidth=&#8220;on&#8220; _builder_version=&#8220;4.3.4&#8243; background_color=&#8220;rgba(191,182,179,0.27)&#8220;][et_pb_fullwidth_slider admin_label=&#8220;Slider Montage und Handling&#8220; _builder_version=&#8220;4.3.4&#8243; header_font_size=&#8220;65px&#8220; min_height=&#8220;191px&#8220; height=&#8220;541px&#8220; custom_margin_tablet=&#8220;&#8220; custom_margin_phone=&#8220;&#8220; custom_margin_last_edited=&#8220;on|phone&#8220; custom_padding=&#8220;99px||||false|false&#8220; auto=&#8220;on&#8220; auto_speed=&#8220;3000&#8243; hover_enabled=&#8220;0&#8243;][et_pb_slide heading=&#8220;Montage und Handling&#8220; _builder_version=&#8220;4.3.4&#8243; header_level=&#8220;h2&#8243; header_font=&#8220;Arial|600||||on|||&#8220; header_text_color=&#8220;#474747&#8243; header_font_size=&#8220;97px&#8220; body_font=&#8220;Arial||||||||&#8220; body_text_color=&#8220;#000000&#8243; body_font_size=&#8220;26px&#8220; body_letter_spacing=&#8220;1px&#8220; body_line_height=&#8220;1.4em&#8220; background_color=&#8220;rgba(0,0,0,0)&#8220; background_enable_color=&#8220;on&#8220; background_enable_image=&#8220;off&#8220; width=&#8220;100%&#8220; max_width=&#8220;100%&#8220; custom_padding=&#8220;132px||||false|false&#8220; hover_enabled=&#8220;0&#8243; header_font_tablet=&#8220;Arial|600||||on|||&#8220; header_font_phone=&#8220;&#8220; header_font_last_edited=&#8220;on|phone&#8220; header_text_color_tablet=&#8220;&#8220; header_text_color_phone=&#8220;&#8220; header_text_color_last_edited=&#8220;on|phone&#8220; header_font_size_tablet=&#8220;82px&#8220; header_font_size_phone=&#8220;49px&#8220; header_font_size_last_edited=&#8220;on|tablet&#8220; body_font_size_tablet=&#8220;&#8220; body_font_size_phone=&#8220;27px&#8220; body_font_size_last_edited=&#8220;on|phone&#8220;]<\/p>\n<h2><span style=\"color: #000000; font-size: xx-large;\"><strong>Technikmesse f\u00fcr Produktivit\u00e4t, Sicherheit, Ergonomie<\/strong><\/span><\/h2>\n<p>Trends, neue Produkte und erprobte L\u00f6sungen von renommierten Unternehmen und innovativen Startups<\/p>\n<p>[\/et_pb_slide][\/et_pb_fullwidth_slider][\/et_pb_section][et_pb_section fb_built=&#8220;1&#8243; fullwidth=&#8220;on&#8220; module_id=&#8220;plattform&#8220; _builder_version=&#8220;4.3.4&#8243; background_image=&#8220;https:\/\/zukunft-technik.de\/lounge\/wp-content\/uploads\/2020\/05\/Hintergrund-Pistolenschrauber-L-2.jpg&#8220; background_position=&#8220;center_left&#8220; background_last_edited=&#8220;on|tablet&#8220; background_blend_tablet=&#8220;normal&#8220; background_blend_phone=&#8220;overlay&#8220; background__hover_enabled=&#8220;off|desktop&#8220;][et_pb_fullwidth_header title=&#8220;Virtuelle Messe f\u00fcr Technik&#8220; background_overlay_color=&#8220;rgba(0,0,0,0)&#8220; _builder_version=&#8220;4.3.4&#8243; title_level=&#8220;h2&#8243; title_font=&#8220;|700||on|||||&#8220; content_font=&#8220;|600||||on|||&#8220; content_text_align=&#8220;left&#8220; content_text_color=&#8220;#595959&#8243; content_font_size=&#8220;19px&#8220; background_color=&#8220;rgba(0,0,0,0)&#8220; background_enable_image=&#8220;off&#8220; background_layout=&#8220;light&#8220; custom_margin=&#8220;||||false|false&#8220;]<\/p>\n<p>Diese virtuelle Ausstellung f\u00fcr Technik hei\u00dft nicht umsonst \u201eSpecial Content\u201c. Auch der Name der Veranstalter-Agentur ist nicht der einzige Grund. Was dann?\u00a0<\/p>\n<p>&nbsp;<\/p>\n<p>Auf dieser virtuellen Plattform fangen wir mit der Schilderung von technischen Problemen an und pr\u00e4sentieren dann die passenden L\u00f6sungen, Produkte und deren Anbieter. \u00a0<\/p>\n<p>Technische Informationsinhalte, erkl\u00e4rende Texte und Bilder helfen dem Besucher der Ausstellung, sich in den entsprechenden Themen zu orientieren und zielf\u00fchrende Kontakte mit unseren Technik-Anbietern zu kn\u00fcpfen.<\/p>\n<p>&nbsp;<\/p>\n<p>Den Ausstellern erm\u00f6glicht das eine produktive Kommunikation mit der richtigen Zielgruppe, ohne verschwenderische, breite Marketingma\u00dfnahmen &#8211; budgetsparend und effektiv.<\/p>\n<p>&nbsp;<\/p>\n<p>Besonders schwer erkl\u00e4rbare technische Produkte und Leistungen sind auf unserer virtuellen Messe gut aufgehoben. Genau das ist unser gemeinsamer Special Content \u2013 ein besonderer Inhalt, der es verdient, erkl\u00e4rt und nach vorne gebracht zu werden.<\/p>\n<p>[\/et_pb_fullwidth_header][\/et_pb_section][et_pb_section fb_built=&#8220;1&#8243; _builder_version=&#8220;4.3.4&#8243; background_color=&#8220;rgba(191,182,179,0.27)&#8220;][et_pb_row column_structure=&#8220;1_3,1_3,1_3&#8243; _builder_version=&#8220;4.3.4&#8243;][et_pb_column type=&#8220;1_3&#8243; _builder_version=&#8220;4.3.4&#8243;][et_pb_blurb title=&#8220;F\u00fcgetechnik&#8220; image=&#8220;https:\/\/zukunft-technik.de\/lounge\/wp-content\/uploads\/2020\/05\/F\u00fcgetechnik_Schraubtechnik.png&#8220; alt=&#8220;F\u00fcgetechnik-L\u00f6sungen&#8220; _builder_version=&#8220;4.3.4&#8243; header_level=&#8220;h3&#8243; header_font=&#8220;|700|||||||&#8220; header_text_align=&#8220;center&#8220; header_font_size=&#8220;24px&#8220; link_option_url=&#8220;https:\/\/zukunft-technik.de\/lounge\/bereich-montagehandling\/&#8220;]<\/p>\n<p>Mit einem expotenziell steigenden Automatisieungsgrad befindet sich dieser Technikbereich in st\u00e4ndiger Entwicklung<\/p>\n<p>[\/et_pb_blurb][\/et_pb_column][et_pb_column type=&#8220;1_3&#8243; _builder_version=&#8220;4.3.4&#8243;][et_pb_blurb title=&#8220;Handling&#8220; image=&#8220;https:\/\/zukunft-technik.de\/lounge\/wp-content\/uploads\/2020\/05\/3.png&#8220; alt=&#8220;Handhabung-L\u00f6sungen&#8220; _builder_version=&#8220;4.3.4&#8243; header_level=&#8220;h3&#8243; header_font=&#8220;|700|||||||&#8220; header_text_align=&#8220;center&#8220; header_font_size=&#8220;24px&#8220; link_option_url=&#8220;https:\/\/zukunft-technik.de\/lounge\/bereich-montagehandling\/#handhabung&#8220;]<\/p>\n<p>Manipulatoren, Krane, Teleskope, Gelenkarme und vieles mehr f\u00fcr eine ergonomische und wirtschaftliche Produktion<\/p>\n<p>[\/et_pb_blurb][\/et_pb_column][et_pb_column type=&#8220;1_3&#8243; _builder_version=&#8220;4.3.4&#8243;][et_pb_blurb title=&#8220;Verbindungselemente&#8220; image=&#8220;https:\/\/zukunft-technik.de\/lounge\/wp-content\/uploads\/2020\/05\/2.png&#8220; alt=&#8220;Schrauben&#8220; _builder_version=&#8220;4.3.4&#8243; header_level=&#8220;h3&#8243; header_font=&#8220;|700|||||||&#8220; header_text_align=&#8220;center&#8220; header_font_size=&#8220;24px&#8220; custom_padding=&#8220;|||8px|false|false&#8220; link_option_url=&#8220;https:\/\/zukunft-technik.de\/lounge\/bereich-verbindungselemente\/&#8220;]<\/p>\n<p>Schrauben, Nieten, Klemmelemente, Schraubtechnik-Zubeh\u00f6r, etc.<\/p>\n<p>[\/et_pb_blurb][\/et_pb_column][\/et_pb_row][\/et_pb_section][et_pb_section fb_built=&#8220;1&#8243; fullwidth=&#8220;on&#8220; _builder_version=&#8220;4.3.4&#8243; background_color=&#8220;rgba(191,182,179,0.27)&#8220;][et_pb_fullwidth_image src=&#8220;https:\/\/zukunft-technik.de\/lounge\/wp-content\/uploads\/2020\/03\/Trenner_Montagetechnik.jpg&#8220; _builder_version=&#8220;4.3.4&#8243;][\/et_pb_fullwidth_image][\/et_pb_section]<\/p>\n","protected":false},"excerpt":{"rendered":"<p>[et_pb_section fb_built=&#8220;1&#8243; fullwidth=&#8220;on&#8220; _builder_version=&#8220;4.3.4&#8243; background_enable_color=&#8220;off&#8220; background_enable_image=&#8220;off&#8220; background_position=&#8220;bottom_right&#8220; custom_margin=&#8220;-41px||-41px||true|false&#8220;][et_pb_fullwidth_header title=&#8220;Virtuelle Ausstellung f\u00fcr Technik &#8220; button_one_text=&#8220;\u00dcber diese Plattform&#8220; button_one_url=&#8220;#plattform&#8220; logo_image_url=&#8220;https:\/\/zukunft-technik.de\/lounge\/wp-content\/uploads\/2020\/03\/Virtuelle-A-sc.jpg&#8220; header_image_url=&#8220;https:\/\/zukunft-technik.de\/lounge\/wp-content\/uploads\/2020\/03\/Konstruktion-Karriere-Pro-Automation.jpg&#8220; _builder_version=&#8220;4.3.4&#8243; title_font=&#8220;|600|||||||&#8220; title_text_color=&#8220;#045372&#8243; title_font_size=&#8220;26px&#8220; content_line_height=&#8220;1.4em&#8220; background_enable_color=&#8220;off&#8220; custom_button_one=&#8220;on&#8220; button_one_text_color=&#8220;#097a96&#8243; background_layout=&#8220;light&#8220;][\/et_pb_fullwidth_header][\/et_pb_section][et_pb_section fb_built=&#8220;1&#8243; fullwidth=&#8220;on&#8220; _builder_version=&#8220;4.3.4&#8243; global_module=&#8220;412&#8243; saved_tabs=&#8220;all&#8220;][et_pb_fullwidth_menu menu_id=&#8220;28&#8243; _builder_version=&#8220;4.3.4&#8243; menu_font=&#8220;|700||on|||||&#8220; menu_text_color=&#8220;#ffffff&#8220; menu_font_size=&#8220;15px&#8220; background_color=&#8220;#005772&#8243; custom_margin=&#8220;-18px||3px||false|false&#8220; custom_padding=&#8220;||0px||false|false&#8220; border_width_all=&#8220;1px&#8220;][\/et_pb_fullwidth_menu][\/et_pb_section][et_pb_section fb_built=&#8220;1&#8243; fullwidth=&#8220;on&#8220; _builder_version=&#8220;4.3.4&#8243; background_color=&#8220;rgba(191,182,179,0.27)&#8220;][et_pb_fullwidth_slider admin_label=&#8220;Slider Montage und Handling&#8220; _builder_version=&#8220;4.3.4&#8243; header_font_size=&#8220;65px&#8220; min_height=&#8220;191px&#8220; height=&#8220;541px&#8220; custom_margin_tablet=&#8220;&#8220; [&hellip;]<\/p>\n","protected":false},"author":1,"featured_media":669,"parent":0,"menu_order":0,"comment_status":"closed","ping_status":"closed","template":"","meta":{"_et_pb_use_builder":"on","_et_pb_old_content":"","_et_gb_content_width":"","footnotes":""},"class_list":["post-7","page","type-page","status-publish","has-post-thumbnail","hentry"],"yoast_head":"<!-- This site is optimized with the Yoast SEO plugin v26.0 - https:\/\/yoast.com\/wordpress\/plugins\/seo\/ -->\n<title>Virtuelle Ausstellung - Technikmesse - Special Content<\/title>\n<meta name=\"description\" content=\"Besuchen Sie die virtuelle Ausstellung f\u00fcr Technik &quot;Special Content&quot; und werden Sie zum Aussteller. Informativ, zeitgem\u00e4\u00df, professionell.\" \/>\n<meta name=\"robots\" content=\"index, follow, max-snippet:-1, max-image-preview:large, max-video-preview:-1\" \/>\n<link rel=\"canonical\" href=\"https:\/\/zukunft-technik.de\/lounge\/\" \/>\n<meta property=\"og:locale\" content=\"de_DE\" \/>\n<meta property=\"og:type\" content=\"article\" \/>\n<meta property=\"og:title\" content=\"Virtuelle Ausstellung - Technikmesse - Special Content\" \/>\n<meta property=\"og:description\" content=\"Besuchen Sie die virtuelle Ausstellung f\u00fcr Technik &quot;Special Content&quot; und werden Sie zum Aussteller. Informativ, zeitgem\u00e4\u00df, professionell.\" \/>\n<meta property=\"og:url\" content=\"https:\/\/zukunft-technik.de\/lounge\/\" \/>\n<meta property=\"og:site_name\" content=\"Lounge\" \/>\n<meta property=\"article:modified_time\" content=\"2020-07-24T13:21:36+00:00\" \/>\n<meta property=\"og:image\" content=\"https:\/\/zukunft-technik.de\/lounge\/wp-content\/uploads\/2020\/03\/Virtuelle-A-sc.jpg\" \/>\n\t<meta property=\"og:image:width\" content=\"600\" \/>\n\t<meta property=\"og:image:height\" content=\"289\" \/>\n\t<meta property=\"og:image:type\" content=\"image\/jpeg\" \/>\n<meta name=\"twitter:card\" content=\"summary_large_image\" \/>\n<meta name=\"twitter:label1\" content=\"Gesch\u00e4tzte Lesezeit\" \/>\n\t<meta name=\"twitter:data1\" content=\"4\u00a0Minuten\" \/>\n<script type=\"application\/ld+json\" class=\"yoast-schema-graph\">{\"@context\":\"https:\/\/schema.org\",\"@graph\":[{\"@type\":\"WebPage\",\"@id\":\"https:\/\/zukunft-technik.de\/lounge\/\",\"url\":\"https:\/\/zukunft-technik.de\/lounge\/\",\"name\":\"Virtuelle Ausstellung - Technikmesse - Special Content\",\"isPartOf\":{\"@id\":\"https:\/\/zukunft-technik.de\/lounge\/#website\"},\"primaryImageOfPage\":{\"@id\":\"https:\/\/zukunft-technik.de\/lounge\/#primaryimage\"},\"image\":{\"@id\":\"https:\/\/zukunft-technik.de\/lounge\/#primaryimage\"},\"thumbnailUrl\":\"https:\/\/zukunft-technik.de\/lounge\/wp-content\/uploads\/2020\/03\/Virtuelle-A-sc.jpg\",\"datePublished\":\"2020-03-18T16:02:21+00:00\",\"dateModified\":\"2020-07-24T13:21:36+00:00\",\"description\":\"Besuchen Sie die virtuelle Ausstellung f\u00fcr Technik \\\"Special Content\\\" und werden Sie zum Aussteller. Informativ, zeitgem\u00e4\u00df, professionell.\",\"breadcrumb\":{\"@id\":\"https:\/\/zukunft-technik.de\/lounge\/#breadcrumb\"},\"inLanguage\":\"de\",\"potentialAction\":[{\"@type\":\"ReadAction\",\"target\":[\"https:\/\/zukunft-technik.de\/lounge\/\"]}]},{\"@type\":\"ImageObject\",\"inLanguage\":\"de\",\"@id\":\"https:\/\/zukunft-technik.de\/lounge\/#primaryimage\",\"url\":\"https:\/\/zukunft-technik.de\/lounge\/wp-content\/uploads\/2020\/03\/Virtuelle-A-sc.jpg\",\"contentUrl\":\"https:\/\/zukunft-technik.de\/lounge\/wp-content\/uploads\/2020\/03\/Virtuelle-A-sc.jpg\",\"width\":600,\"height\":289,\"caption\":\"Virtuelle_Messe_Special_Content\"},{\"@type\":\"BreadcrumbList\",\"@id\":\"https:\/\/zukunft-technik.de\/lounge\/#breadcrumb\",\"itemListElement\":[{\"@type\":\"ListItem\",\"position\":1,\"name\":\"Startseite\",\"item\":\"https:\/\/zukunft-technik.de\/lounge\/\"},{\"@type\":\"ListItem\",\"position\":2,\"name\":\"Virtuelle Ausstellung f\u00fcr Technik &#8222;Special Content&#8220;\"}]},{\"@type\":\"WebSite\",\"@id\":\"https:\/\/zukunft-technik.de\/lounge\/#website\",\"url\":\"https:\/\/zukunft-technik.de\/lounge\/\",\"name\":\"Lounge\",\"description\":\"Virtuelle Ausstellung Special Content\",\"publisher\":{\"@id\":\"https:\/\/zukunft-technik.de\/lounge\/#organization\"},\"potentialAction\":[{\"@type\":\"SearchAction\",\"target\":{\"@type\":\"EntryPoint\",\"urlTemplate\":\"https:\/\/zukunft-technik.de\/lounge\/?s={search_term_string}\"},\"query-input\":{\"@type\":\"PropertyValueSpecification\",\"valueRequired\":true,\"valueName\":\"search_term_string\"}}],\"inLanguage\":\"de\"},{\"@type\":\"Organization\",\"@id\":\"https:\/\/zukunft-technik.de\/lounge\/#organization\",\"name\":\"Agentur \\\"Special Content\\\"\",\"url\":\"https:\/\/zukunft-technik.de\/lounge\/\",\"logo\":{\"@type\":\"ImageObject\",\"inLanguage\":\"de\",\"@id\":\"https:\/\/zukunft-technik.de\/lounge\/#\/schema\/logo\/image\/\",\"url\":\"https:\/\/zukunft-technik.de\/lounge\/wp-content\/uploads\/2020\/03\/Untitled-1.png\",\"contentUrl\":\"https:\/\/zukunft-technik.de\/lounge\/wp-content\/uploads\/2020\/03\/Untitled-1.png\",\"width\":700,\"height\":299,\"caption\":\"Agentur \\\"Special Content\\\"\"},\"image\":{\"@id\":\"https:\/\/zukunft-technik.de\/lounge\/#\/schema\/logo\/image\/\"}}]}<\/script>\n<!-- \/ Yoast SEO plugin. -->","yoast_head_json":{"title":"Virtuelle Ausstellung - Technikmesse - Special Content","description":"Besuchen Sie die virtuelle Ausstellung f\u00fcr Technik \"Special Content\" und werden Sie zum Aussteller. Informativ, zeitgem\u00e4\u00df, professionell.","robots":{"index":"index","follow":"follow","max-snippet":"max-snippet:-1","max-image-preview":"max-image-preview:large","max-video-preview":"max-video-preview:-1"},"canonical":"https:\/\/zukunft-technik.de\/lounge\/","og_locale":"de_DE","og_type":"article","og_title":"Virtuelle Ausstellung - Technikmesse - Special Content","og_description":"Besuchen Sie die virtuelle Ausstellung f\u00fcr Technik \"Special Content\" und werden Sie zum Aussteller. Informativ, zeitgem\u00e4\u00df, professionell.","og_url":"https:\/\/zukunft-technik.de\/lounge\/","og_site_name":"Lounge","article_modified_time":"2020-07-24T13:21:36+00:00","og_image":[{"width":600,"height":289,"url":"https:\/\/zukunft-technik.de\/lounge\/wp-content\/uploads\/2020\/03\/Virtuelle-A-sc.jpg","type":"image\/jpeg"}],"twitter_card":"summary_large_image","twitter_misc":{"Gesch\u00e4tzte Lesezeit":"4\u00a0Minuten"},"schema":{"@context":"https:\/\/schema.org","@graph":[{"@type":"WebPage","@id":"https:\/\/zukunft-technik.de\/lounge\/","url":"https:\/\/zukunft-technik.de\/lounge\/","name":"Virtuelle Ausstellung - Technikmesse - Special Content","isPartOf":{"@id":"https:\/\/zukunft-technik.de\/lounge\/#website"},"primaryImageOfPage":{"@id":"https:\/\/zukunft-technik.de\/lounge\/#primaryimage"},"image":{"@id":"https:\/\/zukunft-technik.de\/lounge\/#primaryimage"},"thumbnailUrl":"https:\/\/zukunft-technik.de\/lounge\/wp-content\/uploads\/2020\/03\/Virtuelle-A-sc.jpg","datePublished":"2020-03-18T16:02:21+00:00","dateModified":"2020-07-24T13:21:36+00:00","description":"Besuchen Sie die virtuelle Ausstellung f\u00fcr Technik \"Special Content\" und werden Sie zum Aussteller. Informativ, zeitgem\u00e4\u00df, professionell.","breadcrumb":{"@id":"https:\/\/zukunft-technik.de\/lounge\/#breadcrumb"},"inLanguage":"de","potentialAction":[{"@type":"ReadAction","target":["https:\/\/zukunft-technik.de\/lounge\/"]}]},{"@type":"ImageObject","inLanguage":"de","@id":"https:\/\/zukunft-technik.de\/lounge\/#primaryimage","url":"https:\/\/zukunft-technik.de\/lounge\/wp-content\/uploads\/2020\/03\/Virtuelle-A-sc.jpg","contentUrl":"https:\/\/zukunft-technik.de\/lounge\/wp-content\/uploads\/2020\/03\/Virtuelle-A-sc.jpg","width":600,"height":289,"caption":"Virtuelle_Messe_Special_Content"},{"@type":"BreadcrumbList","@id":"https:\/\/zukunft-technik.de\/lounge\/#breadcrumb","itemListElement":[{"@type":"ListItem","position":1,"name":"Startseite","item":"https:\/\/zukunft-technik.de\/lounge\/"},{"@type":"ListItem","position":2,"name":"Virtuelle Ausstellung f\u00fcr Technik &#8222;Special Content&#8220;"}]},{"@type":"WebSite","@id":"https:\/\/zukunft-technik.de\/lounge\/#website","url":"https:\/\/zukunft-technik.de\/lounge\/","name":"Lounge","description":"Virtuelle Ausstellung Special Content","publisher":{"@id":"https:\/\/zukunft-technik.de\/lounge\/#organization"},"potentialAction":[{"@type":"SearchAction","target":{"@type":"EntryPoint","urlTemplate":"https:\/\/zukunft-technik.de\/lounge\/?s={search_term_string}"},"query-input":{"@type":"PropertyValueSpecification","valueRequired":true,"valueName":"search_term_string"}}],"inLanguage":"de"},{"@type":"Organization","@id":"https:\/\/zukunft-technik.de\/lounge\/#organization","name":"Agentur \"Special Content\"","url":"https:\/\/zukunft-technik.de\/lounge\/","logo":{"@type":"ImageObject","inLanguage":"de","@id":"https:\/\/zukunft-technik.de\/lounge\/#\/schema\/logo\/image\/","url":"https:\/\/zukunft-technik.de\/lounge\/wp-content\/uploads\/2020\/03\/Untitled-1.png","contentUrl":"https:\/\/zukunft-technik.de\/lounge\/wp-content\/uploads\/2020\/03\/Untitled-1.png","width":700,"height":299,"caption":"Agentur \"Special Content\""},"image":{"@id":"https:\/\/zukunft-technik.de\/lounge\/#\/schema\/logo\/image\/"}}]}},"_links":{"self":[{"href":"https:\/\/zukunft-technik.de\/lounge\/wp-json\/wp\/v2\/pages\/7","targetHints":{"allow":["GET"]}}],"collection":[{"href":"https:\/\/zukunft-technik.de\/lounge\/wp-json\/wp\/v2\/pages"}],"about":[{"href":"https:\/\/zukunft-technik.de\/lounge\/wp-json\/wp\/v2\/types\/page"}],"author":[{"embeddable":true,"href":"https:\/\/zukunft-technik.de\/lounge\/wp-json\/wp\/v2\/users\/1"}],"replies":[{"embeddable":true,"href":"https:\/\/zukunft-technik.de\/lounge\/wp-json\/wp\/v2\/comments?post=7"}],"version-history":[{"count":0,"href":"https:\/\/zukunft-technik.de\/lounge\/wp-json\/wp\/v2\/pages\/7\/revisions"}],"wp:featuredmedia":[{"embeddable":true,"href":"https:\/\/zukunft-technik.de\/lounge\/wp-json\/wp\/v2\/media\/669"}],"wp:attachment":[{"href":"https:\/\/zukunft-technik.de\/lounge\/wp-json\/wp\/v2\/media?parent=7"}],"curies":[{"name":"wp","href":"https:\/\/api.w.org\/{rel}","templated":true}]}}