{"id":494,"date":"2020-03-26T15:47:39","date_gmt":"2020-03-26T14:47:39","guid":{"rendered":"https:\/\/zukunft-technik.de\/lounge\/?page_id=494"},"modified":"2023-04-28T12:55:55","modified_gmt":"2023-04-28T10:55:55","slug":"pressemitteilungen","status":"publish","type":"page","link":"https:\/\/zukunft-technik.de\/lounge\/pressemitteilungen\/","title":{"rendered":"Pressemitteilungen"},"content":{"rendered":"<p>[et_pb_section fb_built=&#8220;1&#8243; fullwidth=&#8220;on&#8220; _builder_version=&#8220;4.3.4&#8243;][et_pb_fullwidth_header title=&#8220;PR-Portal&#8220; subhead=&#8220;Special Content&#8220; _builder_version=&#8220;4.3.4&#8243; title_level=&#8220;h2&#8243; title_font=&#8220;|700||on|||||&#8220; title_text_color=&#8220;#000000&#8243; subhead_font=&#8220;Copse|700||on|||||&#8220; subhead_text_color=&#8220;#E02B20&#8243; background_enable_color=&#8220;off&#8220; link_option_url_new_window=&#8220;on&#8220; global_module=&#8220;407&#8243;][\/et_pb_fullwidth_header][\/et_pb_section][et_pb_section fb_built=&#8220;1&#8243; fullwidth=&#8220;on&#8220; _builder_version=&#8220;4.3.4&#8243; global_module=&#8220;408&#8243;][et_pb_fullwidth_menu menu_id=&#8220;28&#8243; _builder_version=&#8220;4.3.4&#8243; menu_font=&#8220;|700||on|||||&#8220; menu_text_color=&#8220;#ffffff&#8220; menu_font_size=&#8220;15px&#8220; background_color=&#8220;#005772&#8243; custom_margin=&#8220;-18px||3px||false|false&#8220; custom_padding=&#8220;||0px||false|false&#8220; border_width_all=&#8220;1px&#8220;][\/et_pb_fullwidth_menu][\/et_pb_section][et_pb_section fb_built=&#8220;1&#8243; _builder_version=&#8220;4.3.4&#8243; custom_margin=&#8220;||-64px||false|false&#8220; custom_margin_tablet=&#8220;&#8220; custom_margin_phone=&#8220;&#8220; custom_margin_last_edited=&#8220;on|phone&#8220;][et_pb_row column_structure=&#8220;1_3,1_3,1_3&#8243; _builder_version=&#8220;4.3.4&#8243;][et_pb_column type=&#8220;1_3&#8243; _builder_version=&#8220;4.3.4&#8243;][et_pb_toggle title=&#8220;Nutzung unseres Presseportals&#8220; _builder_version=&#8220;4.3.4&#8243; title_text_color=&#8220;#000000&#8243; title_text_align=&#8220;center&#8220;]<\/p>\n<p style=\"text-align: center;\" align=\"center\">Sind Sie ein Technologieunternehmen und bieten Ihre Produkte und\/oder Leistungen im Bereich Handling, Verbindungselemente, etc. an?<o:p><\/o:p><\/p>\n<p style=\"text-align: center;\" align=\"center\">Auch Sie haben die M\u00f6glichkeit, Ihre Pressemitteilungen hier zu ver\u00f6ffentlichen. Eine Basic-Version dieser Leistung ist f\u00fcr Sie vollkommen kostenlos. Senden Sie Ihren Text und Bild an die Mailadresse:<o:p><\/o:p><\/p>\n<p style=\"text-align: center;\" align=\"center\"><a href=\"mailto:pressemitteilung@zukunft-technik.de\">pressemitteilung@zukunft-technik.de<\/a><o:p><\/o:p><\/p>\n<p style=\"text-align: center;\" align=\"center\"><strong>Angaben f\u00fcr Ihren Text:<\/strong><o:p><\/o:p><\/p>\n<p style=\"text-align: center;\" align=\"center\"><span style=\"color: #0c71c3;\">Maximal 600 Worte. Nur unique Content<strong>.<\/strong><\/span><o:p><\/o:p><\/p>\n<p style=\"text-align: center;\" align=\"center\"><strong>Angaben f\u00fcr das Bildmaterial:<\/strong><o:p><\/o:p><\/p>\n<p style=\"text-align: center;\" align=\"center\">Maximal zwei Bilder. Format 500 x 353 Pixel. Aufl\u00f6sung 72 Pixel<o:p><\/o:p><\/p>\n<p>[\/et_pb_toggle][\/et_pb_column][et_pb_column type=&#8220;1_3&#8243; _builder_version=&#8220;4.3.4&#8243;][et_pb_toggle title=&#8220;Von Content-Service profitieren&#8220; _builder_version=&#8220;4.3.4&#8243; title_text_color=&#8220;#000000&#8243; title_text_align=&#8220;center&#8220; text_orientation=&#8220;center&#8220;]<\/p>\n<p>Das beste PR-Portal nutzt einem Unternehmen nichts, wenn keine Pressemitteilungen generiert werden. Wir greifen Ihnen mit unseren Zusatzleistungen unter die Arme und erstellen fesselnden Content f\u00fcr Ihre Pressearbeit.<br \/> Es reicht, wenn Sie uns eine kurze Beschreibung Ihres Themas in freier Form zukommen lassen, oder uns Ihre Infos telefonisch mitteilen.<br \/> Wir unterbreiten Ihnen ein faires Angebot f\u00fcr diese Leistungen.<\/p>\n<p>[\/et_pb_toggle][\/et_pb_column][et_pb_column type=&#8220;1_3&#8243; _builder_version=&#8220;4.3.4&#8243;][\/et_pb_column][\/et_pb_row][\/et_pb_section][et_pb_section fb_built=&#8220;1&#8243; _builder_version=&#8220;4.3.4&#8243;][et_pb_row _builder_version=&#8220;4.3.4&#8243;][et_pb_column type=&#8220;4_4&#8243; _builder_version=&#8220;4.3.4&#8243;][et_pb_blog fullwidth=&#8220;off&#8220; include_categories=&#8220;34&#8243; show_author=&#8220;off&#8220; show_categories=&#8220;off&#8220; show_pagination=&#8220;off&#8220; _builder_version=&#8220;4.5.3&#8243; hover_enabled=&#8220;0&#8243; show_date=&#8220;off&#8220;][\/et_pb_blog][\/et_pb_column][\/et_pb_row][\/et_pb_section]<\/p>\n","protected":false},"excerpt":{"rendered":"<p>[et_pb_section fb_built=&#8220;1&#8243; fullwidth=&#8220;on&#8220; _builder_version=&#8220;4.3.4&#8243;][et_pb_fullwidth_header title=&#8220;PR-Portal&#8220; subhead=&#8220;Special Content&#8220; _builder_version=&#8220;4.3.4&#8243; title_level=&#8220;h2&#8243; title_font=&#8220;|700||on|||||&#8220; title_text_color=&#8220;#000000&#8243; subhead_font=&#8220;Copse|700||on|||||&#8220; subhead_text_color=&#8220;#E02B20&#8243; background_enable_color=&#8220;off&#8220; link_option_url_new_window=&#8220;on&#8220; global_module=&#8220;407&#8243;][\/et_pb_fullwidth_header][\/et_pb_section][et_pb_section fb_built=&#8220;1&#8243; fullwidth=&#8220;on&#8220; _builder_version=&#8220;4.3.4&#8243; global_module=&#8220;408&#8243;][et_pb_fullwidth_menu menu_id=&#8220;28&#8243; _builder_version=&#8220;4.3.4&#8243; menu_font=&#8220;|700||on|||||&#8220; menu_text_color=&#8220;#ffffff&#8220; menu_font_size=&#8220;15px&#8220; background_color=&#8220;#005772&#8243; custom_margin=&#8220;-18px||3px||false|false&#8220; custom_padding=&#8220;||0px||false|false&#8220; border_width_all=&#8220;1px&#8220;][\/et_pb_fullwidth_menu][\/et_pb_section][et_pb_section fb_built=&#8220;1&#8243; _builder_version=&#8220;4.3.4&#8243; custom_margin=&#8220;||-64px||false|false&#8220; custom_margin_tablet=&#8220;&#8220; custom_margin_phone=&#8220;&#8220; custom_margin_last_edited=&#8220;on|phone&#8220;][et_pb_row column_structure=&#8220;1_3,1_3,1_3&#8243; _builder_version=&#8220;4.3.4&#8243;][et_pb_column type=&#8220;1_3&#8243; _builder_version=&#8220;4.3.4&#8243;][et_pb_toggle title=&#8220;Nutzung unseres Presseportals&#8220; _builder_version=&#8220;4.3.4&#8243; title_text_color=&#8220;#000000&#8243; title_text_align=&#8220;center&#8220;] Sind Sie ein Technologieunternehmen und bieten Ihre Produkte und\/oder Leistungen [&hellip;]<\/p>\n","protected":false},"author":1,"featured_media":2362,"parent":0,"menu_order":0,"comment_status":"closed","ping_status":"closed","template":"","meta":{"_et_pb_use_builder":"on","_et_pb_old_content":"","_et_gb_content_width":"","footnotes":""},"class_list":["post-494","page","type-page","status-publish","has-post-thumbnail","hentry"],"yoast_head":"<!-- This site is optimized with the Yoast SEO plugin v26.0 - https:\/\/yoast.com\/wordpress\/plugins\/seo\/ -->\n<title>Pressemitteilungen - Presseportal f\u00fcr Technik und Innovation<\/title>\n<meta name=\"description\" content=\"Presseportal f\u00fcr Technik. Lesen und h\u00f6ren Sie die letzten Nachrichten von Produktionsunternehmen. Ver\u00f6ffentlichen sie Ihre Pressemitteilung kostenlos.\" \/>\n<meta name=\"robots\" content=\"index, follow, max-snippet:-1, max-image-preview:large, max-video-preview:-1\" \/>\n<link rel=\"canonical\" href=\"https:\/\/zukunft-technik.de\/lounge\/pressemitteilungen\/\" \/>\n<meta property=\"og:locale\" content=\"de_DE\" \/>\n<meta property=\"og:type\" content=\"article\" \/>\n<meta property=\"og:title\" content=\"Pressemitteilungen - Presseportal f\u00fcr Technik und Innovation\" \/>\n<meta property=\"og:description\" content=\"Presseportal f\u00fcr Technik. Lesen und h\u00f6ren Sie die letzten Nachrichten von Produktionsunternehmen. Ver\u00f6ffentlichen sie Ihre Pressemitteilung kostenlos.\" \/>\n<meta property=\"og:url\" content=\"https:\/\/zukunft-technik.de\/lounge\/pressemitteilungen\/\" \/>\n<meta property=\"og:site_name\" content=\"Lounge\" \/>\n<meta property=\"article:modified_time\" content=\"2023-04-28T10:55:55+00:00\" \/>\n<meta property=\"og:image\" content=\"https:\/\/zukunft-technik.de\/lounge\/wp-content\/uploads\/2020\/05\/Seite_Pressemitteilungen.jpg\" \/>\n\t<meta property=\"og:image:width\" content=\"550\" \/>\n\t<meta property=\"og:image:height\" content=\"369\" \/>\n\t<meta property=\"og:image:type\" content=\"image\/jpeg\" \/>\n<meta name=\"twitter:card\" content=\"summary_large_image\" \/>\n<meta name=\"twitter:label1\" content=\"Gesch\u00e4tzte Lesezeit\" \/>\n\t<meta name=\"twitter:data1\" content=\"2\u00a0Minuten\" \/>\n<script type=\"application\/ld+json\" class=\"yoast-schema-graph\">{\"@context\":\"https:\/\/schema.org\",\"@graph\":[{\"@type\":\"WebPage\",\"@id\":\"https:\/\/zukunft-technik.de\/lounge\/pressemitteilungen\/\",\"url\":\"https:\/\/zukunft-technik.de\/lounge\/pressemitteilungen\/\",\"name\":\"Pressemitteilungen - Presseportal f\u00fcr Technik und Innovation\",\"isPartOf\":{\"@id\":\"https:\/\/zukunft-technik.de\/lounge\/#website\"},\"primaryImageOfPage\":{\"@id\":\"https:\/\/zukunft-technik.de\/lounge\/pressemitteilungen\/#primaryimage\"},\"image\":{\"@id\":\"https:\/\/zukunft-technik.de\/lounge\/pressemitteilungen\/#primaryimage\"},\"thumbnailUrl\":\"https:\/\/zukunft-technik.de\/lounge\/wp-content\/uploads\/2020\/05\/Seite_Pressemitteilungen.jpg\",\"datePublished\":\"2020-03-26T14:47:39+00:00\",\"dateModified\":\"2023-04-28T10:55:55+00:00\",\"description\":\"Presseportal f\u00fcr Technik. Lesen und h\u00f6ren Sie die letzten Nachrichten von Produktionsunternehmen. Ver\u00f6ffentlichen sie Ihre Pressemitteilung kostenlos.\",\"breadcrumb\":{\"@id\":\"https:\/\/zukunft-technik.de\/lounge\/pressemitteilungen\/#breadcrumb\"},\"inLanguage\":\"de\",\"potentialAction\":[{\"@type\":\"ReadAction\",\"target\":[\"https:\/\/zukunft-technik.de\/lounge\/pressemitteilungen\/\"]}]},{\"@type\":\"ImageObject\",\"inLanguage\":\"de\",\"@id\":\"https:\/\/zukunft-technik.de\/lounge\/pressemitteilungen\/#primaryimage\",\"url\":\"https:\/\/zukunft-technik.de\/lounge\/wp-content\/uploads\/2020\/05\/Seite_Pressemitteilungen.jpg\",\"contentUrl\":\"https:\/\/zukunft-technik.de\/lounge\/wp-content\/uploads\/2020\/05\/Seite_Pressemitteilungen.jpg\",\"width\":550,\"height\":369,\"caption\":\"Pressemitteilungen_Technik, Pressemitteilung kostenlos\"},{\"@type\":\"BreadcrumbList\",\"@id\":\"https:\/\/zukunft-technik.de\/lounge\/pressemitteilungen\/#breadcrumb\",\"itemListElement\":[{\"@type\":\"ListItem\",\"position\":1,\"name\":\"Startseite\",\"item\":\"https:\/\/zukunft-technik.de\/lounge\/\"},{\"@type\":\"ListItem\",\"position\":2,\"name\":\"Pressemitteilungen\"}]},{\"@type\":\"WebSite\",\"@id\":\"https:\/\/zukunft-technik.de\/lounge\/#website\",\"url\":\"https:\/\/zukunft-technik.de\/lounge\/\",\"name\":\"Lounge\",\"description\":\"Virtuelle Ausstellung Special Content\",\"publisher\":{\"@id\":\"https:\/\/zukunft-technik.de\/lounge\/#organization\"},\"potentialAction\":[{\"@type\":\"SearchAction\",\"target\":{\"@type\":\"EntryPoint\",\"urlTemplate\":\"https:\/\/zukunft-technik.de\/lounge\/?s={search_term_string}\"},\"query-input\":{\"@type\":\"PropertyValueSpecification\",\"valueRequired\":true,\"valueName\":\"search_term_string\"}}],\"inLanguage\":\"de\"},{\"@type\":\"Organization\",\"@id\":\"https:\/\/zukunft-technik.de\/lounge\/#organization\",\"name\":\"Agentur \\\"Special Content\\\"\",\"url\":\"https:\/\/zukunft-technik.de\/lounge\/\",\"logo\":{\"@type\":\"ImageObject\",\"inLanguage\":\"de\",\"@id\":\"https:\/\/zukunft-technik.de\/lounge\/#\/schema\/logo\/image\/\",\"url\":\"https:\/\/zukunft-technik.de\/lounge\/wp-content\/uploads\/2020\/03\/Untitled-1.png\",\"contentUrl\":\"https:\/\/zukunft-technik.de\/lounge\/wp-content\/uploads\/2020\/03\/Untitled-1.png\",\"width\":700,\"height\":299,\"caption\":\"Agentur \\\"Special Content\\\"\"},\"image\":{\"@id\":\"https:\/\/zukunft-technik.de\/lounge\/#\/schema\/logo\/image\/\"}}]}<\/script>\n<!-- \/ Yoast SEO plugin. -->","yoast_head_json":{"title":"Pressemitteilungen - Presseportal f\u00fcr Technik und Innovation","description":"Presseportal f\u00fcr Technik. Lesen und h\u00f6ren Sie die letzten Nachrichten von Produktionsunternehmen. Ver\u00f6ffentlichen sie Ihre Pressemitteilung kostenlos.","robots":{"index":"index","follow":"follow","max-snippet":"max-snippet:-1","max-image-preview":"max-image-preview:large","max-video-preview":"max-video-preview:-1"},"canonical":"https:\/\/zukunft-technik.de\/lounge\/pressemitteilungen\/","og_locale":"de_DE","og_type":"article","og_title":"Pressemitteilungen - Presseportal f\u00fcr Technik und Innovation","og_description":"Presseportal f\u00fcr Technik. Lesen und h\u00f6ren Sie die letzten Nachrichten von Produktionsunternehmen. Ver\u00f6ffentlichen sie Ihre Pressemitteilung kostenlos.","og_url":"https:\/\/zukunft-technik.de\/lounge\/pressemitteilungen\/","og_site_name":"Lounge","article_modified_time":"2023-04-28T10:55:55+00:00","og_image":[{"width":550,"height":369,"url":"https:\/\/zukunft-technik.de\/lounge\/wp-content\/uploads\/2020\/05\/Seite_Pressemitteilungen.jpg","type":"image\/jpeg"}],"twitter_card":"summary_large_image","twitter_misc":{"Gesch\u00e4tzte Lesezeit":"2\u00a0Minuten"},"schema":{"@context":"https:\/\/schema.org","@graph":[{"@type":"WebPage","@id":"https:\/\/zukunft-technik.de\/lounge\/pressemitteilungen\/","url":"https:\/\/zukunft-technik.de\/lounge\/pressemitteilungen\/","name":"Pressemitteilungen - Presseportal f\u00fcr Technik und Innovation","isPartOf":{"@id":"https:\/\/zukunft-technik.de\/lounge\/#website"},"primaryImageOfPage":{"@id":"https:\/\/zukunft-technik.de\/lounge\/pressemitteilungen\/#primaryimage"},"image":{"@id":"https:\/\/zukunft-technik.de\/lounge\/pressemitteilungen\/#primaryimage"},"thumbnailUrl":"https:\/\/zukunft-technik.de\/lounge\/wp-content\/uploads\/2020\/05\/Seite_Pressemitteilungen.jpg","datePublished":"2020-03-26T14:47:39+00:00","dateModified":"2023-04-28T10:55:55+00:00","description":"Presseportal f\u00fcr Technik. Lesen und h\u00f6ren Sie die letzten Nachrichten von Produktionsunternehmen. Ver\u00f6ffentlichen sie Ihre Pressemitteilung kostenlos.","breadcrumb":{"@id":"https:\/\/zukunft-technik.de\/lounge\/pressemitteilungen\/#breadcrumb"},"inLanguage":"de","potentialAction":[{"@type":"ReadAction","target":["https:\/\/zukunft-technik.de\/lounge\/pressemitteilungen\/"]}]},{"@type":"ImageObject","inLanguage":"de","@id":"https:\/\/zukunft-technik.de\/lounge\/pressemitteilungen\/#primaryimage","url":"https:\/\/zukunft-technik.de\/lounge\/wp-content\/uploads\/2020\/05\/Seite_Pressemitteilungen.jpg","contentUrl":"https:\/\/zukunft-technik.de\/lounge\/wp-content\/uploads\/2020\/05\/Seite_Pressemitteilungen.jpg","width":550,"height":369,"caption":"Pressemitteilungen_Technik, Pressemitteilung kostenlos"},{"@type":"BreadcrumbList","@id":"https:\/\/zukunft-technik.de\/lounge\/pressemitteilungen\/#breadcrumb","itemListElement":[{"@type":"ListItem","position":1,"name":"Startseite","item":"https:\/\/zukunft-technik.de\/lounge\/"},{"@type":"ListItem","position":2,"name":"Pressemitteilungen"}]},{"@type":"WebSite","@id":"https:\/\/zukunft-technik.de\/lounge\/#website","url":"https:\/\/zukunft-technik.de\/lounge\/","name":"Lounge","description":"Virtuelle Ausstellung Special Content","publisher":{"@id":"https:\/\/zukunft-technik.de\/lounge\/#organization"},"potentialAction":[{"@type":"SearchAction","target":{"@type":"EntryPoint","urlTemplate":"https:\/\/zukunft-technik.de\/lounge\/?s={search_term_string}"},"query-input":{"@type":"PropertyValueSpecification","valueRequired":true,"valueName":"search_term_string"}}],"inLanguage":"de"},{"@type":"Organization","@id":"https:\/\/zukunft-technik.de\/lounge\/#organization","name":"Agentur \"Special Content\"","url":"https:\/\/zukunft-technik.de\/lounge\/","logo":{"@type":"ImageObject","inLanguage":"de","@id":"https:\/\/zukunft-technik.de\/lounge\/#\/schema\/logo\/image\/","url":"https:\/\/zukunft-technik.de\/lounge\/wp-content\/uploads\/2020\/03\/Untitled-1.png","contentUrl":"https:\/\/zukunft-technik.de\/lounge\/wp-content\/uploads\/2020\/03\/Untitled-1.png","width":700,"height":299,"caption":"Agentur \"Special Content\""},"image":{"@id":"https:\/\/zukunft-technik.de\/lounge\/#\/schema\/logo\/image\/"}}]}},"_links":{"self":[{"href":"https:\/\/zukunft-technik.de\/lounge\/wp-json\/wp\/v2\/pages\/494","targetHints":{"allow":["GET"]}}],"collection":[{"href":"https:\/\/zukunft-technik.de\/lounge\/wp-json\/wp\/v2\/pages"}],"about":[{"href":"https:\/\/zukunft-technik.de\/lounge\/wp-json\/wp\/v2\/types\/page"}],"author":[{"embeddable":true,"href":"https:\/\/zukunft-technik.de\/lounge\/wp-json\/wp\/v2\/users\/1"}],"replies":[{"embeddable":true,"href":"https:\/\/zukunft-technik.de\/lounge\/wp-json\/wp\/v2\/comments?post=494"}],"version-history":[{"count":1,"href":"https:\/\/zukunft-technik.de\/lounge\/wp-json\/wp\/v2\/pages\/494\/revisions"}],"predecessor-version":[{"id":3735,"href":"https:\/\/zukunft-technik.de\/lounge\/wp-json\/wp\/v2\/pages\/494\/revisions\/3735"}],"wp:featuredmedia":[{"embeddable":true,"href":"https:\/\/zukunft-technik.de\/lounge\/wp-json\/wp\/v2\/media\/2362"}],"wp:attachment":[{"href":"https:\/\/zukunft-technik.de\/lounge\/wp-json\/wp\/v2\/media?parent=494"}],"curies":[{"name":"wp","href":"https:\/\/api.w.org\/{rel}","templated":true}]}}