{"id":434,"date":"2020-03-26T14:17:37","date_gmt":"2020-03-26T13:17:37","guid":{"rendered":"https:\/\/zukunft-technik.de\/lounge\/?page_id=434"},"modified":"2020-03-26T14:22:25","modified_gmt":"2020-03-26T13:22:25","slug":"impressum","status":"publish","type":"page","link":"https:\/\/zukunft-technik.de\/lounge\/impressum\/","title":{"rendered":"Impressum"},"content":{"rendered":"<div class=\"entry-content clearfix\">\n<p>Impressum gem\u00e4\u00df \u00a7 5 TMG (Telemediengesetz)<strong>Verantwortlicher f\u00fcr die gezeigten Inhalte:<\/strong><\/p>\n<p>Special Content<br \/>\nInh.: Yevgeniy Kucherskyy<br \/>\nAm Waldhausenpark 7-9<\/p>\n<p>45127 Essen<\/p>\n<p>Telefon:+49 0201 800 58914<br \/>\nE-Mail: info@special-content.de<\/p>\n<p>Steuernummer: 111\/5166\/2879<br \/>\nUSt-IdNr.: DE301366244<\/p>\n<p>Zust\u00e4ndiges Amtsgericht : Essen<br \/>\nGestaltung, Realisierung &amp; Technischer Betrieb:<br \/>\nYevgeniy Kucherskyy<\/p>\n<p><strong>Inhaltlich Verantwortlicher gem\u00e4\u00df \u00a7 55 RStV: <\/strong><\/p>\n<p class=\"n\">Jeder Autor ist allein verantwortlich f\u00fcr seine \u00fcbermittelten Fotos und Beitr\u00e4ge sowie sein Verhalten auf dieser Internetplattform. Die Autoren verpflichten sich, im Rahmen der Teilnahme\u00a0 nicht gegen Gesetze oder sonstige Regeln zu versto\u00dfen. Wir behalten uns vor, Sie bei Verst\u00f6\u00dfen gegen Gesetze, die guten Sitten, diese Nutzungsbedingungen oder aus sonstigen wichtigen Gr\u00fcnden nach eigenem Ermessen von der Mitgliedschaft sofort auszuschlie\u00dfen und Ihre Beitr\u00e4ge aus der Zukunft der Technik zu entfernen.<\/p>\n<p><strong><br \/>\nCopyright und Haftungsausschluss:<\/strong><\/p>\n<p>\u201eZukunft der Technik\u201c bietet eine Vielzahl von Informationen, die themenabh\u00e4ngig regelm\u00e4\u00dfig und \/oder sporadisch aktualisiert werden. Sie k\u00f6nnen unsere Informationen speichern und Verkn\u00fcpfungen zu unseren Seiten einrichten. Die Informationen d\u00fcrfen weder ver\u00e4ndert noch verf\u00e4lscht werden.<\/p>\n<p><strong>Inhalt der eigenen Seiten<\/strong><\/p>\n<p>Die Inhalte der Internetseiten wurden sorgf\u00e4ltig gepr\u00fcft und nach bestem Wissen erstellt. Dennoch wird f\u00fcr die hier dargestellten Informationen kein Anspruch auf Vollst\u00e4ndigkeit, Aktualit\u00e4t, Qualit\u00e4t und Richtigkeit erhoben. Es kann keine Haftung f\u00fcr Sch\u00e4den \u00fcbernommen werden, die durch das Vertrauen auf die Inhalte dieser Darstellungen oder deren Gebrauch entstehen.<\/p>\n<p><strong><br \/>\nLinks auf\u00a0 Web-Seiten Dritter<\/strong><\/p>\n<p>Trotz sorgf\u00e4ltiger inhaltlicher Kontrolle und Pr\u00fcfung \u00fcbernehme ich keine Haftung f\u00fcr die Inhalte externer Links. Zukunft der Technik hat keinen Einfluss auf die aktuelle und zuk\u00fcnftige Gestaltung sowie den Inhalt der verlinkten Seiten, es findet lediglich eine Eingangspr\u00fcfung durch mich statt.<br \/>\nF\u00fcr den Inhalt einzelnen Profilen sind ausschlie\u00dflich deren Betreiber ( Autoren) verantwortlich.<\/p>\n<p><strong><br \/>\nSchutzrechtsverletzung:<\/strong><\/p>\n<p>Falls Sie vermuten, dass von dieser Website aus eines Ihrer Schutzrechte verletzt werden sollte, teilen Sie dies bitte umgehend per Email mit, damit unverz\u00fcglich Abhilfe geschafft werden kann.<br \/>\nAlle Rechte vorbehalten. Texte, Bilder, Grafiken und Animationen inklusive Layout-, Schrift- und Farbgestaltung sowie deren Anordnung auf der Website unterliegen dem Schutz des Urheberrechts. Der Inhalt dieser Website darf nicht zu kommerziellen Zwecken kopiert, verbreitet, ver\u00e4ndert oder Dritten zug\u00e4nglich gemacht werden. Jegliche Art der Kopie \u2013 auch Papierausdruck, der nicht zum Zweck der pers\u00f6nlichen Verwendung stattfindet \u2013 oder Reproduktion bedarf der ausdr\u00fccklichen schriftlichen Genehmigung durch www.zukunft-technik.de und ist in allen anderen F\u00e4llen untersagt. Zuwiderhandlungen werden strafrechtlich verfolgt.<\/p>\n<\/div>\n","protected":false},"excerpt":{"rendered":"<p>Impressum gem\u00e4\u00df \u00a7 5 TMG (Telemediengesetz)Verantwortlicher f\u00fcr die gezeigten Inhalte: Special Content Inh.: Yevgeniy Kucherskyy Am Waldhausenpark 7-9 45127 Essen Telefon:+49 0201 800 58914 E-Mail: info@special-content.de Steuernummer: 111\/5166\/2879 USt-IdNr.: DE301366244 Zust\u00e4ndiges Amtsgericht : Essen Gestaltung, Realisierung &amp; Technischer Betrieb: Yevgeniy Kucherskyy Inhaltlich Verantwortlicher gem\u00e4\u00df \u00a7 55 RStV: Jeder Autor ist allein verantwortlich f\u00fcr seine \u00fcbermittelten [&hellip;]<\/p>\n","protected":false},"author":1,"featured_media":0,"parent":0,"menu_order":0,"comment_status":"closed","ping_status":"closed","template":"","meta":{"_et_pb_use_builder":"","_et_pb_old_content":"","_et_gb_content_width":"","footnotes":""},"class_list":["post-434","page","type-page","status-publish","hentry"],"yoast_head":"<!-- This site is optimized with the Yoast SEO plugin v26.0 - https:\/\/yoast.com\/wordpress\/plugins\/seo\/ -->\n<title>Impressum - Lounge<\/title>\n<meta name=\"robots\" content=\"index, follow, max-snippet:-1, max-image-preview:large, max-video-preview:-1\" \/>\n<link rel=\"canonical\" href=\"https:\/\/zukunft-technik.de\/lounge\/impressum\/\" \/>\n<meta property=\"og:locale\" content=\"de_DE\" \/>\n<meta property=\"og:type\" content=\"article\" \/>\n<meta property=\"og:title\" content=\"Impressum - Lounge\" \/>\n<meta property=\"og:description\" content=\"Impressum gem\u00e4\u00df \u00a7 5 TMG (Telemediengesetz)Verantwortlicher f\u00fcr die gezeigten Inhalte: Special Content Inh.: Yevgeniy Kucherskyy Am Waldhausenpark 7-9 45127 Essen Telefon:+49 0201 800 58914 E-Mail: info@special-content.de Steuernummer: 111\/5166\/2879 USt-IdNr.: DE301366244 Zust\u00e4ndiges Amtsgericht : Essen Gestaltung, Realisierung &amp; Technischer Betrieb: Yevgeniy Kucherskyy Inhaltlich Verantwortlicher gem\u00e4\u00df \u00a7 55 RStV: Jeder Autor ist allein verantwortlich f\u00fcr seine \u00fcbermittelten [&hellip;]\" \/>\n<meta property=\"og:url\" content=\"https:\/\/zukunft-technik.de\/lounge\/impressum\/\" \/>\n<meta property=\"og:site_name\" content=\"Lounge\" \/>\n<meta property=\"article:modified_time\" content=\"2020-03-26T13:22:25+00:00\" \/>\n<meta name=\"twitter:card\" content=\"summary_large_image\" \/>\n<meta name=\"twitter:label1\" content=\"Gesch\u00e4tzte Lesezeit\" \/>\n\t<meta name=\"twitter:data1\" content=\"2\u00a0Minuten\" \/>\n<script type=\"application\/ld+json\" class=\"yoast-schema-graph\">{\"@context\":\"https:\/\/schema.org\",\"@graph\":[{\"@type\":\"WebPage\",\"@id\":\"https:\/\/zukunft-technik.de\/lounge\/impressum\/\",\"url\":\"https:\/\/zukunft-technik.de\/lounge\/impressum\/\",\"name\":\"Impressum - Lounge\",\"isPartOf\":{\"@id\":\"https:\/\/zukunft-technik.de\/lounge\/#website\"},\"datePublished\":\"2020-03-26T13:17:37+00:00\",\"dateModified\":\"2020-03-26T13:22:25+00:00\",\"breadcrumb\":{\"@id\":\"https:\/\/zukunft-technik.de\/lounge\/impressum\/#breadcrumb\"},\"inLanguage\":\"de\",\"potentialAction\":[{\"@type\":\"ReadAction\",\"target\":[\"https:\/\/zukunft-technik.de\/lounge\/impressum\/\"]}]},{\"@type\":\"BreadcrumbList\",\"@id\":\"https:\/\/zukunft-technik.de\/lounge\/impressum\/#breadcrumb\",\"itemListElement\":[{\"@type\":\"ListItem\",\"position\":1,\"name\":\"Startseite\",\"item\":\"https:\/\/zukunft-technik.de\/lounge\/\"},{\"@type\":\"ListItem\",\"position\":2,\"name\":\"Impressum\"}]},{\"@type\":\"WebSite\",\"@id\":\"https:\/\/zukunft-technik.de\/lounge\/#website\",\"url\":\"https:\/\/zukunft-technik.de\/lounge\/\",\"name\":\"Lounge\",\"description\":\"Virtuelle Ausstellung Special Content\",\"publisher\":{\"@id\":\"https:\/\/zukunft-technik.de\/lounge\/#organization\"},\"potentialAction\":[{\"@type\":\"SearchAction\",\"target\":{\"@type\":\"EntryPoint\",\"urlTemplate\":\"https:\/\/zukunft-technik.de\/lounge\/?s={search_term_string}\"},\"query-input\":{\"@type\":\"PropertyValueSpecification\",\"valueRequired\":true,\"valueName\":\"search_term_string\"}}],\"inLanguage\":\"de\"},{\"@type\":\"Organization\",\"@id\":\"https:\/\/zukunft-technik.de\/lounge\/#organization\",\"name\":\"Agentur \\\"Special Content\\\"\",\"url\":\"https:\/\/zukunft-technik.de\/lounge\/\",\"logo\":{\"@type\":\"ImageObject\",\"inLanguage\":\"de\",\"@id\":\"https:\/\/zukunft-technik.de\/lounge\/#\/schema\/logo\/image\/\",\"url\":\"https:\/\/zukunft-technik.de\/lounge\/wp-content\/uploads\/2020\/03\/Untitled-1.png\",\"contentUrl\":\"https:\/\/zukunft-technik.de\/lounge\/wp-content\/uploads\/2020\/03\/Untitled-1.png\",\"width\":700,\"height\":299,\"caption\":\"Agentur \\\"Special Content\\\"\"},\"image\":{\"@id\":\"https:\/\/zukunft-technik.de\/lounge\/#\/schema\/logo\/image\/\"}}]}<\/script>\n<!-- \/ Yoast SEO plugin. -->","yoast_head_json":{"title":"Impressum - Lounge","robots":{"index":"index","follow":"follow","max-snippet":"max-snippet:-1","max-image-preview":"max-image-preview:large","max-video-preview":"max-video-preview:-1"},"canonical":"https:\/\/zukunft-technik.de\/lounge\/impressum\/","og_locale":"de_DE","og_type":"article","og_title":"Impressum - Lounge","og_description":"Impressum gem\u00e4\u00df \u00a7 5 TMG (Telemediengesetz)Verantwortlicher f\u00fcr die gezeigten Inhalte: Special Content Inh.: Yevgeniy Kucherskyy Am Waldhausenpark 7-9 45127 Essen Telefon:+49 0201 800 58914 E-Mail: info@special-content.de Steuernummer: 111\/5166\/2879 USt-IdNr.: DE301366244 Zust\u00e4ndiges Amtsgericht : Essen Gestaltung, Realisierung &amp; Technischer Betrieb: Yevgeniy Kucherskyy Inhaltlich Verantwortlicher gem\u00e4\u00df \u00a7 55 RStV: Jeder Autor ist allein verantwortlich f\u00fcr seine \u00fcbermittelten [&hellip;]","og_url":"https:\/\/zukunft-technik.de\/lounge\/impressum\/","og_site_name":"Lounge","article_modified_time":"2020-03-26T13:22:25+00:00","twitter_card":"summary_large_image","twitter_misc":{"Gesch\u00e4tzte Lesezeit":"2\u00a0Minuten"},"schema":{"@context":"https:\/\/schema.org","@graph":[{"@type":"WebPage","@id":"https:\/\/zukunft-technik.de\/lounge\/impressum\/","url":"https:\/\/zukunft-technik.de\/lounge\/impressum\/","name":"Impressum - Lounge","isPartOf":{"@id":"https:\/\/zukunft-technik.de\/lounge\/#website"},"datePublished":"2020-03-26T13:17:37+00:00","dateModified":"2020-03-26T13:22:25+00:00","breadcrumb":{"@id":"https:\/\/zukunft-technik.de\/lounge\/impressum\/#breadcrumb"},"inLanguage":"de","potentialAction":[{"@type":"ReadAction","target":["https:\/\/zukunft-technik.de\/lounge\/impressum\/"]}]},{"@type":"BreadcrumbList","@id":"https:\/\/zukunft-technik.de\/lounge\/impressum\/#breadcrumb","itemListElement":[{"@type":"ListItem","position":1,"name":"Startseite","item":"https:\/\/zukunft-technik.de\/lounge\/"},{"@type":"ListItem","position":2,"name":"Impressum"}]},{"@type":"WebSite","@id":"https:\/\/zukunft-technik.de\/lounge\/#website","url":"https:\/\/zukunft-technik.de\/lounge\/","name":"Lounge","description":"Virtuelle Ausstellung Special Content","publisher":{"@id":"https:\/\/zukunft-technik.de\/lounge\/#organization"},"potentialAction":[{"@type":"SearchAction","target":{"@type":"EntryPoint","urlTemplate":"https:\/\/zukunft-technik.de\/lounge\/?s={search_term_string}"},"query-input":{"@type":"PropertyValueSpecification","valueRequired":true,"valueName":"search_term_string"}}],"inLanguage":"de"},{"@type":"Organization","@id":"https:\/\/zukunft-technik.de\/lounge\/#organization","name":"Agentur \"Special Content\"","url":"https:\/\/zukunft-technik.de\/lounge\/","logo":{"@type":"ImageObject","inLanguage":"de","@id":"https:\/\/zukunft-technik.de\/lounge\/#\/schema\/logo\/image\/","url":"https:\/\/zukunft-technik.de\/lounge\/wp-content\/uploads\/2020\/03\/Untitled-1.png","contentUrl":"https:\/\/zukunft-technik.de\/lounge\/wp-content\/uploads\/2020\/03\/Untitled-1.png","width":700,"height":299,"caption":"Agentur \"Special Content\""},"image":{"@id":"https:\/\/zukunft-technik.de\/lounge\/#\/schema\/logo\/image\/"}}]}},"_links":{"self":[{"href":"https:\/\/zukunft-technik.de\/lounge\/wp-json\/wp\/v2\/pages\/434","targetHints":{"allow":["GET"]}}],"collection":[{"href":"https:\/\/zukunft-technik.de\/lounge\/wp-json\/wp\/v2\/pages"}],"about":[{"href":"https:\/\/zukunft-technik.de\/lounge\/wp-json\/wp\/v2\/types\/page"}],"author":[{"embeddable":true,"href":"https:\/\/zukunft-technik.de\/lounge\/wp-json\/wp\/v2\/users\/1"}],"replies":[{"embeddable":true,"href":"https:\/\/zukunft-technik.de\/lounge\/wp-json\/wp\/v2\/comments?post=434"}],"version-history":[{"count":0,"href":"https:\/\/zukunft-technik.de\/lounge\/wp-json\/wp\/v2\/pages\/434\/revisions"}],"wp:attachment":[{"href":"https:\/\/zukunft-technik.de\/lounge\/wp-json\/wp\/v2\/media?parent=434"}],"curies":[{"name":"wp","href":"https:\/\/api.w.org\/{rel}","templated":true}]}}