{"id":3606,"date":"2020-07-09T14:22:51","date_gmt":"2020-07-09T12:22:51","guid":{"rendered":"https:\/\/zukunft-technik.de\/lounge\/?page_id=3606"},"modified":"2020-07-09T14:33:41","modified_gmt":"2020-07-09T12:33:41","slug":"firmenverzeichnis-e-mobilitaet","status":"publish","type":"page","link":"https:\/\/zukunft-technik.de\/lounge\/firmenverzeichnis-e-mobilitaet\/","title":{"rendered":"Firmenverzeichnis E-Mobilit\u00e4t"},"content":{"rendered":"<p>[et_pb_section fb_built=&#8220;1&#8243; fullwidth=&#8220;on&#8220; _builder_version=&#8220;4.3.4&#8243;][et_pb_fullwidth_header title=&#8220;Firmenverzeichnis&#8220; subhead=&#8220;Elektromobilit\u00e4t&#8220; text_orientation=&#8220;center&#8220; _builder_version=&#8220;4.3.4&#8243; background_color=&#8220;#ffffff&#8220; background_layout=&#8220;light&#8220;][\/et_pb_fullwidth_header][\/et_pb_section][et_pb_section fb_built=&#8220;1&#8243; _builder_version=&#8220;4.3.4&#8243;][et_pb_row _builder_version=&#8220;4.3.4&#8243;][et_pb_column type=&#8220;4_4&#8243; _builder_version=&#8220;4.3.4&#8243;][et_pb_accordion open_toggle_text_color=&#8220;#595959&#8243; _builder_version=&#8220;4.3.4&#8243; toggle_level=&#8220;h2&#8243; toggle_font=&#8220;|600|||||||&#8220;][et_pb_accordion_item title=&#8220;e-Auto-Laden Gunnar Krug&#8220; open=&#8220;on&#8220; _builder_version=&#8220;4.3.4&#8243;]<\/p>\n<div class=\"wpbdp-field-display wpbdp-field wpbdp-field-value field-display field-value wpbdp-field-firmenname wpbdp-field-title wpbdp-field-type-textfield wpbdp-field-association-title  \"><span class=\"field-label\">Firmenname:<\/span> <span class=\"value\">e-Auto-Laden Gunnar Krug<\/span><\/div>\n<div class=\"wpbdp-field-display wpbdp-field wpbdp-field-value field-display field-value wpbdp-field-firmenbrancheproduktkategorie wpbdp-field-category wpbdp-field-type-select wpbdp-field-association-category  \"><span class=\"field-label\">Firmenbranche\/Produktkategorie:<\/span> <span class=\"value\">Energie und Mobilit\u00e4t<\/span><\/div>\n<div class=\"wpbdp-field-display wpbdp-field wpbdp-field-value field-display field-value wpbdp-field-kurze_geschaeftsbeschreibung wpbdp-field-excerpt wpbdp-field-type-textarea wpbdp-field-association-excerpt  \"><span class=\"field-label\">Kurze Gesch\u00e4ftsbeschreibung:<\/span> <span class=\"value\">Ladekabel, Mobile Lader, Wallboxen, Zubeh\u00f6r<\/span><\/div>\n<div class=\"wpbdp-field-display wpbdp-field wpbdp-field-value field-display field-value wpbdp-field-mehr_ueber_uns wpbdp-field-content wpbdp-field-type-textarea wpbdp-field-association-content  \">\n<p><span class=\"field-label\">Mehr \u00fcber uns:<\/span><\/p>\n<p>Zubeh\u00f6r f\u00fcr Elektrobmobilit\u00e4t<\/p>\n<\/div>\n<div class=\"wpbdp-field-display wpbdp-field wpbdp-field-value field-display field-value wpbdp-field-telefonnummer_geschaeftlich wpbdp-field-meta wpbdp-field-type-textfield wpbdp-field-association-meta  \"><span class=\"field-label\">Telefonnummer gesch\u00e4ftlich:<\/span> <span class=\"value\">+49 05172\/1264435<\/span><\/div>\n<div class=\"wpbdp-field-display wpbdp-field wpbdp-field-value field-display field-value wpbdp-field-fax_geschaeftlich wpbdp-field-meta wpbdp-field-type-textfield wpbdp-field-association-meta  \"><span class=\"field-label\">Fax gesch\u00e4ftlich:<\/span> <span class=\"value\">+49 05172\/1264434<\/span><\/div>\n<div class=\"wpbdp-field-display wpbdp-field wpbdp-field-value field-display field-value wpbdp-field-adresse wpbdp-field-meta wpbdp-field-type-textarea wpbdp-field-association-meta  \"><span class=\"field-label\">Adresse:<\/span> <span class=\"value\">Zum Emilieschacht 22-24<br \/> Ilsede<br \/> <\/span><\/div>\n<div class=\"wpbdp-field-display wpbdp-field wpbdp-field-value field-display field-value wpbdp-field-postleitzahl wpbdp-field-meta wpbdp-field-type-textfield wpbdp-field-association-meta  \"><span class=\"field-label\">Postleitzahl:<\/span> <span class=\"value\">31241<\/span><\/div>\n<p>[\/et_pb_accordion_item][et_pb_accordion_item title=&#8220;EH Oscar Perdok GmbH&#8220; _builder_version=&#8220;4.3.4&#8243; open=&#8220;off&#8220;]<\/p>\n<div class=\"listing-details cf\">\n<div class=\"wpbdp-field-display wpbdp-field wpbdp-field-value field-display field-value wpbdp-field-firmenname wpbdp-field-title wpbdp-field-type-textfield wpbdp-field-association-title  \"><span class=\"field-label\">Firmenname:<\/span> <span class=\"value\">EH Oscar Perdok GmbH<\/span><\/div>\n<div class=\"wpbdp-field-display wpbdp-field wpbdp-field-value field-display field-value wpbdp-field-firmenbrancheproduktkategorie wpbdp-field-category wpbdp-field-type-select wpbdp-field-association-category  \"><span class=\"field-label\">Firmenbranche\/Produktkategorie:<\/span> <span class=\"value\">Elektro-, Energie und Mobilit\u00e4t<\/span><\/div>\n<div class=\"wpbdp-field-display wpbdp-field wpbdp-field-value field-display field-value wpbdp-field-kurze_geschaeftsbeschreibung wpbdp-field-excerpt wpbdp-field-type-textarea wpbdp-field-association-excerpt  \"><span class=\"field-label\">Kurze Gesch\u00e4ftsbeschreibung:<\/span> <span class=\"value\">Elektro- und Haustechnik<\/span><\/div>\n<div class=\"wpbdp-field-display wpbdp-field wpbdp-field-value field-display field-value wpbdp-field-mehr_ueber_uns wpbdp-field-content wpbdp-field-type-textarea wpbdp-field-association-content  \">\n<p><span class=\"field-label\">Mehr \u00fcber uns:<\/span><\/p>\n<p>Die \u201csmarte\u201d Eigenstromnutzung\u201d<\/p>\n<ul>\n<li>Ladestationen<\/li>\n<li>Solaranlagen<\/li>\n<\/ul>\n<\/div>\n<div class=\"wpbdp-field-display wpbdp-field wpbdp-field-value field-display field-value wpbdp-field-telefonnummer_geschaeftlich wpbdp-field-meta wpbdp-field-type-textfield wpbdp-field-association-meta  \"><span class=\"field-label\">Telefonnummer gesch\u00e4ftlich:<\/span> <span class=\"value\">02855\/15790<\/span><\/div>\n<div class=\"wpbdp-field-display wpbdp-field wpbdp-field-value field-display field-value wpbdp-field-fax_geschaeftlich wpbdp-field-meta wpbdp-field-type-textfield wpbdp-field-association-meta  \"><span class=\"field-label\">Fax gesch\u00e4ftlich:<\/span> <span class=\"value\">02855\/15791<\/span><\/div>\n<div class=\"wpbdp-field-display wpbdp-field wpbdp-field-value field-display field-value wpbdp-field-adresse wpbdp-field-meta wpbdp-field-type-textarea wpbdp-field-association-meta  \"><span class=\"field-label\">Adresse:<\/span> <span class=\"value\">Gildeweg 14<br \/> Voerde<\/span><\/div>\n<div class=\"wpbdp-field-display wpbdp-field wpbdp-field-value field-display field-value wpbdp-field-postleitzahl wpbdp-field-meta wpbdp-field-type-textfield wpbdp-field-association-meta  \"><span class=\"field-label\">Postleitzahl:<\/span> <span class=\"value\">46562 <\/span><\/div>\n<div class=\"social-fields cf\"><\/div>\n<\/div>\n<p>[\/et_pb_accordion_item][et_pb_accordion_item title=&#8220;EUROTEC ELEKTROTECHNIK GmbH &#038; Co.KG&#8220; _builder_version=&#8220;4.3.4&#8243; open=&#8220;off&#8220;]<\/p>\n<div class=\"listing-details cf\">\n<div class=\"social-fields cf\">\n<div class=\"wpbdp-field-display wpbdp-field wpbdp-field-value field-display field-value wpbdp-field-firmenname wpbdp-field-title wpbdp-field-type-textfield wpbdp-field-association-title  \"><span class=\"field-label\">Firmenname:<\/span> <span class=\"value\">EUROTEC ELEKTROTECHNIK GmbH &amp; Co.KG<\/span><\/div>\n<div class=\"wpbdp-field-display wpbdp-field wpbdp-field-value field-display field-value wpbdp-field-firmenbrancheproduktkategorie wpbdp-field-category wpbdp-field-type-select wpbdp-field-association-category  \"><span class=\"field-label\">Firmenbranche\/Produktkategorie:<\/span> <span class=\"value\">Energie und Mobilit\u00e4t<\/span><\/div>\n<div class=\"wpbdp-field-display wpbdp-field wpbdp-field-value field-display field-value wpbdp-field-kurze_geschaeftsbeschreibung wpbdp-field-excerpt wpbdp-field-type-textarea wpbdp-field-association-excerpt  \"><span class=\"field-label\">Kurze Gesch\u00e4ftsbeschreibung:<\/span> <span class=\"value\">Elektroinstallation, Lades\u00e4ulen, Sicherheitstechnik, Datentechnik, Planung und Projektierung<\/span><\/div>\n<div class=\"wpbdp-field-display wpbdp-field wpbdp-field-value field-display field-value wpbdp-field-mehr_ueber_uns wpbdp-field-content wpbdp-field-type-textarea wpbdp-field-association-content  \">\n<p><span class=\"field-label\">Mehr \u00fcber uns:<\/span><\/p>\n<ul>\n<li>Installation der Lades\u00e4ulen, Beratung<\/li>\n<li>Haus- und Wohnungsinstallation<\/li>\n<li>Strukturierte Arbeitsplatzverkabelung<\/li>\n<li>Generations\u00fcbergreifende und barrierefreie Elektroinstallation<\/li>\n<li>Kundendienst<\/li>\n<\/ul>\n<\/div>\n<div class=\"wpbdp-field-display wpbdp-field wpbdp-field-value field-display field-value wpbdp-field-telefonnummer_geschaeftlich wpbdp-field-meta wpbdp-field-type-textfield wpbdp-field-association-meta  \"><span class=\"field-label\">Telefonnummer gesch\u00e4ftlich:<\/span> <span class=\"value\">+49-(0)2051-9577-0<\/span><\/div>\n<div class=\"wpbdp-field-display wpbdp-field wpbdp-field-value field-display field-value wpbdp-field-fax_geschaeftlich wpbdp-field-meta wpbdp-field-type-textfield wpbdp-field-association-meta  \"><span class=\"field-label\">Fax gesch\u00e4ftlich:<\/span> <span class=\"value\">+49-(0)2051-9577-44<\/span><\/div>\n<div class=\"wpbdp-field-display wpbdp-field wpbdp-field-value field-display field-value wpbdp-field-adresse wpbdp-field-meta wpbdp-field-type-textarea wpbdp-field-association-meta  \"><span class=\"field-label\">Adresse:<\/span> <span class=\"value\">Siemensstrasse 24<br \/> Velbert<\/span><\/div>\n<div class=\"wpbdp-field-display wpbdp-field wpbdp-field-value field-display field-value wpbdp-field-postleitzahl wpbdp-field-meta wpbdp-field-type-textfield wpbdp-field-association-meta  \"><span class=\"field-label\">Postleitzahl:<\/span> <span class=\"value\">42551 <\/span><\/div>\n<\/div>\n<\/div>\n<p>[\/et_pb_accordion_item][et_pb_accordion_item title=&#8220;STGCON Germany GmbH&#8220; _builder_version=&#8220;4.3.4&#8243; open=&#8220;off&#8220;]<\/p>\n<div class=\"wpbdp-field-display wpbdp-field wpbdp-field-value field-display field-value wpbdp-field-firmenname wpbdp-field-title wpbdp-field-type-textfield wpbdp-field-association-title  \"><span class=\"field-label\">Firmenname:<\/span> <span class=\"value\">STGCON Germany GmbH<\/span><\/div>\n<div class=\"wpbdp-field-display wpbdp-field wpbdp-field-value field-display field-value wpbdp-field-firmenbrancheproduktkategorie wpbdp-field-category wpbdp-field-type-select wpbdp-field-association-category  \"><span class=\"field-label\">Firmenbranche\/Produktkategorie:<\/span> <span class=\"value\">Energie und Mobilit\u00e4t<a href=\"https:\/\/zukunft-technik.de\/firmenverzeichnis\/wpbdp_category\/e-mobil\/\" rel=\"tag\"><\/a><\/span><\/div>\n<div class=\"wpbdp-field-display wpbdp-field wpbdp-field-value field-display field-value wpbdp-field-kurze_geschaeftsbeschreibung wpbdp-field-excerpt wpbdp-field-type-textarea wpbdp-field-association-excerpt  \"><span class=\"field-label\">Kurze Gesch\u00e4ftsbeschreibung:<\/span> <span class=\"value\">Ladeger\u00e4te f\u00fcr Elektrofahrzeuge, Speicher und Managementsysteme, Kondensatoren<\/span><\/div>\n<div class=\"wpbdp-field-display wpbdp-field wpbdp-field-value field-display field-value wpbdp-field-mehr_ueber_uns wpbdp-field-content wpbdp-field-type-textarea wpbdp-field-association-content  \">\n<p><span class=\"field-label\">Mehr \u00fcber uns:<\/span><\/p>\n<p>Hersteller von Kondensatoren, UltraCaps und Energiespeichern<\/p>\n<p>STGCON Ladeger\u00e4te\u00a0sorgen f\u00fcr die sichere Aufladung von Elektrofahrzeugen<\/p>\n<\/div>\n<div class=\"wpbdp-field-display wpbdp-field wpbdp-field-value field-display field-value wpbdp-field-telefonnummer_geschaeftlich wpbdp-field-meta wpbdp-field-type-textfield wpbdp-field-association-meta  \"><span class=\"field-label\">Telefonnummer gesch\u00e4ftlich:<\/span> <span class=\"value\">+49 (0)8191 33189-0<\/span><\/div>\n<div class=\"wpbdp-field-display wpbdp-field wpbdp-field-value field-display field-value wpbdp-field-fax_geschaeftlich wpbdp-field-meta wpbdp-field-type-textfield wpbdp-field-association-meta  \"><span class=\"field-label\">Fax gesch\u00e4ftlich:<\/span> <span class=\"value\">+49 (0)8191 33189-11<\/span><\/div>\n<div class=\"wpbdp-field-display wpbdp-field wpbdp-field-value field-display field-value wpbdp-field-adresse wpbdp-field-meta wpbdp-field-type-textarea wpbdp-field-association-meta  \"><span class=\"field-label\">Adresse:<\/span> <span class=\"value\">Justus-von-Liebig-Str. 12<br \/> Landsberg am Lech<\/span><\/div>\n<div class=\"wpbdp-field-display wpbdp-field wpbdp-field-value field-display field-value wpbdp-field-postleitzahl wpbdp-field-meta wpbdp-field-type-textfield wpbdp-field-association-meta  \"><span class=\"field-label\">Postleitzahl:<\/span> <span class=\"value\">86899 <\/span><\/div>\n<p>[\/et_pb_accordion_item][\/et_pb_accordion][\/et_pb_column][\/et_pb_row][\/et_pb_section]<\/p>\n","protected":false},"excerpt":{"rendered":"<p>[et_pb_section fb_built=&#8220;1&#8243; fullwidth=&#8220;on&#8220; _builder_version=&#8220;4.3.4&#8243;][et_pb_fullwidth_header title=&#8220;Firmenverzeichnis&#8220; subhead=&#8220;Elektromobilit\u00e4t&#8220; text_orientation=&#8220;center&#8220; _builder_version=&#8220;4.3.4&#8243; background_color=&#8220;#ffffff&#8220; background_layout=&#8220;light&#8220;][\/et_pb_fullwidth_header][\/et_pb_section][et_pb_section fb_built=&#8220;1&#8243; _builder_version=&#8220;4.3.4&#8243;][et_pb_row _builder_version=&#8220;4.3.4&#8243;][et_pb_column type=&#8220;4_4&#8243; _builder_version=&#8220;4.3.4&#8243;][et_pb_accordion open_toggle_text_color=&#8220;#595959&#8243; _builder_version=&#8220;4.3.4&#8243; toggle_level=&#8220;h2&#8243; toggle_font=&#8220;|600|||||||&#8220;][et_pb_accordion_item title=&#8220;e-Auto-Laden Gunnar Krug&#8220; open=&#8220;on&#8220; _builder_version=&#8220;4.3.4&#8243;] Firmenname: e-Auto-Laden Gunnar Krug Firmenbranche\/Produktkategorie: Energie und Mobilit\u00e4t Kurze Gesch\u00e4ftsbeschreibung: Ladekabel, Mobile Lader, Wallboxen, Zubeh\u00f6r Mehr \u00fcber uns: Zubeh\u00f6r f\u00fcr Elektrobmobilit\u00e4t Telefonnummer gesch\u00e4ftlich: +49 05172\/1264435 Fax gesch\u00e4ftlich: +49 05172\/1264434 Adresse: Zum [&hellip;]<\/p>\n","protected":false},"author":1,"featured_media":0,"parent":0,"menu_order":0,"comment_status":"closed","ping_status":"closed","template":"","meta":{"_et_pb_use_builder":"on","_et_pb_old_content":"","_et_gb_content_width":"","footnotes":""},"class_list":["post-3606","page","type-page","status-publish","hentry"],"yoast_head":"<!-- This site is optimized with the Yoast SEO plugin v26.0 - https:\/\/yoast.com\/wordpress\/plugins\/seo\/ -->\n<title>Firmenverzeichnis E-Mobilit\u00e4t - Lounge<\/title>\n<meta name=\"robots\" content=\"index, follow, max-snippet:-1, max-image-preview:large, max-video-preview:-1\" \/>\n<link rel=\"canonical\" href=\"https:\/\/zukunft-technik.de\/lounge\/firmenverzeichnis-e-mobilitaet\/\" \/>\n<meta property=\"og:locale\" content=\"de_DE\" \/>\n<meta property=\"og:type\" content=\"article\" \/>\n<meta property=\"og:title\" content=\"Firmenverzeichnis E-Mobilit\u00e4t - Lounge\" \/>\n<meta property=\"og:description\" content=\"[et_pb_section fb_built=&#8220;1&#8243; fullwidth=&#8220;on&#8220; _builder_version=&#8220;4.3.4&#8243;][et_pb_fullwidth_header title=&#8220;Firmenverzeichnis&#8220; subhead=&#8220;Elektromobilit\u00e4t&#8220; text_orientation=&#8220;center&#8220; _builder_version=&#8220;4.3.4&#8243; background_color=&#8220;#ffffff&#8220; background_layout=&#8220;light&#8220;][\/et_pb_fullwidth_header][\/et_pb_section][et_pb_section fb_built=&#8220;1&#8243; _builder_version=&#8220;4.3.4&#8243;][et_pb_row _builder_version=&#8220;4.3.4&#8243;][et_pb_column type=&#8220;4_4&#8243; _builder_version=&#8220;4.3.4&#8243;][et_pb_accordion open_toggle_text_color=&#8220;#595959&#8243; _builder_version=&#8220;4.3.4&#8243; toggle_level=&#8220;h2&#8243; toggle_font=&#8220;|600|||||||&#8220;][et_pb_accordion_item title=&#8220;e-Auto-Laden Gunnar Krug&#8220; open=&#8220;on&#8220; _builder_version=&#8220;4.3.4&#8243;] Firmenname: e-Auto-Laden Gunnar Krug Firmenbranche\/Produktkategorie: Energie und Mobilit\u00e4t Kurze Gesch\u00e4ftsbeschreibung: Ladekabel, Mobile Lader, Wallboxen, Zubeh\u00f6r Mehr \u00fcber uns: Zubeh\u00f6r f\u00fcr Elektrobmobilit\u00e4t Telefonnummer gesch\u00e4ftlich: +49 05172\/1264435 Fax gesch\u00e4ftlich: +49 05172\/1264434 Adresse: Zum [&hellip;]\" \/>\n<meta property=\"og:url\" content=\"https:\/\/zukunft-technik.de\/lounge\/firmenverzeichnis-e-mobilitaet\/\" \/>\n<meta property=\"og:site_name\" content=\"Lounge\" \/>\n<meta property=\"article:modified_time\" content=\"2020-07-09T12:33:41+00:00\" \/>\n<meta name=\"twitter:card\" content=\"summary_large_image\" \/>\n<meta name=\"twitter:label1\" content=\"Gesch\u00e4tzte Lesezeit\" \/>\n\t<meta name=\"twitter:data1\" content=\"2\u00a0Minuten\" \/>\n<script type=\"application\/ld+json\" class=\"yoast-schema-graph\">{\"@context\":\"https:\/\/schema.org\",\"@graph\":[{\"@type\":\"WebPage\",\"@id\":\"https:\/\/zukunft-technik.de\/lounge\/firmenverzeichnis-e-mobilitaet\/\",\"url\":\"https:\/\/zukunft-technik.de\/lounge\/firmenverzeichnis-e-mobilitaet\/\",\"name\":\"Firmenverzeichnis E-Mobilit\u00e4t - Lounge\",\"isPartOf\":{\"@id\":\"https:\/\/zukunft-technik.de\/lounge\/#website\"},\"datePublished\":\"2020-07-09T12:22:51+00:00\",\"dateModified\":\"2020-07-09T12:33:41+00:00\",\"breadcrumb\":{\"@id\":\"https:\/\/zukunft-technik.de\/lounge\/firmenverzeichnis-e-mobilitaet\/#breadcrumb\"},\"inLanguage\":\"de\",\"potentialAction\":[{\"@type\":\"ReadAction\",\"target\":[\"https:\/\/zukunft-technik.de\/lounge\/firmenverzeichnis-e-mobilitaet\/\"]}]},{\"@type\":\"BreadcrumbList\",\"@id\":\"https:\/\/zukunft-technik.de\/lounge\/firmenverzeichnis-e-mobilitaet\/#breadcrumb\",\"itemListElement\":[{\"@type\":\"ListItem\",\"position\":1,\"name\":\"Startseite\",\"item\":\"https:\/\/zukunft-technik.de\/lounge\/\"},{\"@type\":\"ListItem\",\"position\":2,\"name\":\"Firmenverzeichnis E-Mobilit\u00e4t\"}]},{\"@type\":\"WebSite\",\"@id\":\"https:\/\/zukunft-technik.de\/lounge\/#website\",\"url\":\"https:\/\/zukunft-technik.de\/lounge\/\",\"name\":\"Lounge\",\"description\":\"Virtuelle Ausstellung Special Content\",\"publisher\":{\"@id\":\"https:\/\/zukunft-technik.de\/lounge\/#organization\"},\"potentialAction\":[{\"@type\":\"SearchAction\",\"target\":{\"@type\":\"EntryPoint\",\"urlTemplate\":\"https:\/\/zukunft-technik.de\/lounge\/?s={search_term_string}\"},\"query-input\":{\"@type\":\"PropertyValueSpecification\",\"valueRequired\":true,\"valueName\":\"search_term_string\"}}],\"inLanguage\":\"de\"},{\"@type\":\"Organization\",\"@id\":\"https:\/\/zukunft-technik.de\/lounge\/#organization\",\"name\":\"Agentur \\\"Special Content\\\"\",\"url\":\"https:\/\/zukunft-technik.de\/lounge\/\",\"logo\":{\"@type\":\"ImageObject\",\"inLanguage\":\"de\",\"@id\":\"https:\/\/zukunft-technik.de\/lounge\/#\/schema\/logo\/image\/\",\"url\":\"https:\/\/zukunft-technik.de\/lounge\/wp-content\/uploads\/2020\/03\/Untitled-1.png\",\"contentUrl\":\"https:\/\/zukunft-technik.de\/lounge\/wp-content\/uploads\/2020\/03\/Untitled-1.png\",\"width\":700,\"height\":299,\"caption\":\"Agentur \\\"Special Content\\\"\"},\"image\":{\"@id\":\"https:\/\/zukunft-technik.de\/lounge\/#\/schema\/logo\/image\/\"}}]}<\/script>\n<!-- \/ Yoast SEO plugin. -->","yoast_head_json":{"title":"Firmenverzeichnis E-Mobilit\u00e4t - Lounge","robots":{"index":"index","follow":"follow","max-snippet":"max-snippet:-1","max-image-preview":"max-image-preview:large","max-video-preview":"max-video-preview:-1"},"canonical":"https:\/\/zukunft-technik.de\/lounge\/firmenverzeichnis-e-mobilitaet\/","og_locale":"de_DE","og_type":"article","og_title":"Firmenverzeichnis E-Mobilit\u00e4t - Lounge","og_description":"[et_pb_section fb_built=&#8220;1&#8243; fullwidth=&#8220;on&#8220; _builder_version=&#8220;4.3.4&#8243;][et_pb_fullwidth_header title=&#8220;Firmenverzeichnis&#8220; subhead=&#8220;Elektromobilit\u00e4t&#8220; text_orientation=&#8220;center&#8220; _builder_version=&#8220;4.3.4&#8243; background_color=&#8220;#ffffff&#8220; background_layout=&#8220;light&#8220;][\/et_pb_fullwidth_header][\/et_pb_section][et_pb_section fb_built=&#8220;1&#8243; _builder_version=&#8220;4.3.4&#8243;][et_pb_row _builder_version=&#8220;4.3.4&#8243;][et_pb_column type=&#8220;4_4&#8243; _builder_version=&#8220;4.3.4&#8243;][et_pb_accordion open_toggle_text_color=&#8220;#595959&#8243; _builder_version=&#8220;4.3.4&#8243; toggle_level=&#8220;h2&#8243; toggle_font=&#8220;|600|||||||&#8220;][et_pb_accordion_item title=&#8220;e-Auto-Laden Gunnar Krug&#8220; open=&#8220;on&#8220; _builder_version=&#8220;4.3.4&#8243;] Firmenname: e-Auto-Laden Gunnar Krug Firmenbranche\/Produktkategorie: Energie und Mobilit\u00e4t Kurze Gesch\u00e4ftsbeschreibung: Ladekabel, Mobile Lader, Wallboxen, Zubeh\u00f6r Mehr \u00fcber uns: Zubeh\u00f6r f\u00fcr Elektrobmobilit\u00e4t Telefonnummer gesch\u00e4ftlich: +49 05172\/1264435 Fax gesch\u00e4ftlich: +49 05172\/1264434 Adresse: Zum [&hellip;]","og_url":"https:\/\/zukunft-technik.de\/lounge\/firmenverzeichnis-e-mobilitaet\/","og_site_name":"Lounge","article_modified_time":"2020-07-09T12:33:41+00:00","twitter_card":"summary_large_image","twitter_misc":{"Gesch\u00e4tzte Lesezeit":"2\u00a0Minuten"},"schema":{"@context":"https:\/\/schema.org","@graph":[{"@type":"WebPage","@id":"https:\/\/zukunft-technik.de\/lounge\/firmenverzeichnis-e-mobilitaet\/","url":"https:\/\/zukunft-technik.de\/lounge\/firmenverzeichnis-e-mobilitaet\/","name":"Firmenverzeichnis E-Mobilit\u00e4t - Lounge","isPartOf":{"@id":"https:\/\/zukunft-technik.de\/lounge\/#website"},"datePublished":"2020-07-09T12:22:51+00:00","dateModified":"2020-07-09T12:33:41+00:00","breadcrumb":{"@id":"https:\/\/zukunft-technik.de\/lounge\/firmenverzeichnis-e-mobilitaet\/#breadcrumb"},"inLanguage":"de","potentialAction":[{"@type":"ReadAction","target":["https:\/\/zukunft-technik.de\/lounge\/firmenverzeichnis-e-mobilitaet\/"]}]},{"@type":"BreadcrumbList","@id":"https:\/\/zukunft-technik.de\/lounge\/firmenverzeichnis-e-mobilitaet\/#breadcrumb","itemListElement":[{"@type":"ListItem","position":1,"name":"Startseite","item":"https:\/\/zukunft-technik.de\/lounge\/"},{"@type":"ListItem","position":2,"name":"Firmenverzeichnis E-Mobilit\u00e4t"}]},{"@type":"WebSite","@id":"https:\/\/zukunft-technik.de\/lounge\/#website","url":"https:\/\/zukunft-technik.de\/lounge\/","name":"Lounge","description":"Virtuelle Ausstellung Special Content","publisher":{"@id":"https:\/\/zukunft-technik.de\/lounge\/#organization"},"potentialAction":[{"@type":"SearchAction","target":{"@type":"EntryPoint","urlTemplate":"https:\/\/zukunft-technik.de\/lounge\/?s={search_term_string}"},"query-input":{"@type":"PropertyValueSpecification","valueRequired":true,"valueName":"search_term_string"}}],"inLanguage":"de"},{"@type":"Organization","@id":"https:\/\/zukunft-technik.de\/lounge\/#organization","name":"Agentur \"Special Content\"","url":"https:\/\/zukunft-technik.de\/lounge\/","logo":{"@type":"ImageObject","inLanguage":"de","@id":"https:\/\/zukunft-technik.de\/lounge\/#\/schema\/logo\/image\/","url":"https:\/\/zukunft-technik.de\/lounge\/wp-content\/uploads\/2020\/03\/Untitled-1.png","contentUrl":"https:\/\/zukunft-technik.de\/lounge\/wp-content\/uploads\/2020\/03\/Untitled-1.png","width":700,"height":299,"caption":"Agentur \"Special Content\""},"image":{"@id":"https:\/\/zukunft-technik.de\/lounge\/#\/schema\/logo\/image\/"}}]}},"_links":{"self":[{"href":"https:\/\/zukunft-technik.de\/lounge\/wp-json\/wp\/v2\/pages\/3606","targetHints":{"allow":["GET"]}}],"collection":[{"href":"https:\/\/zukunft-technik.de\/lounge\/wp-json\/wp\/v2\/pages"}],"about":[{"href":"https:\/\/zukunft-technik.de\/lounge\/wp-json\/wp\/v2\/types\/page"}],"author":[{"embeddable":true,"href":"https:\/\/zukunft-technik.de\/lounge\/wp-json\/wp\/v2\/users\/1"}],"replies":[{"embeddable":true,"href":"https:\/\/zukunft-technik.de\/lounge\/wp-json\/wp\/v2\/comments?post=3606"}],"version-history":[{"count":0,"href":"https:\/\/zukunft-technik.de\/lounge\/wp-json\/wp\/v2\/pages\/3606\/revisions"}],"wp:attachment":[{"href":"https:\/\/zukunft-technik.de\/lounge\/wp-json\/wp\/v2\/media?parent=3606"}],"curies":[{"name":"wp","href":"https:\/\/api.w.org\/{rel}","templated":true}]}}