{"id":121,"date":"2020-03-21T14:42:11","date_gmt":"2020-03-21T13:42:11","guid":{"rendered":"https:\/\/zukunft-technik.de\/lounge\/?page_id=121"},"modified":"2021-01-20T16:39:32","modified_gmt":"2021-01-20T15:39:32","slug":"aussteller","status":"publish","type":"page","link":"https:\/\/zukunft-technik.de\/lounge\/aussteller\/","title":{"rendered":"Aussteller"},"content":{"rendered":"<p>[et_pb_section fb_built=&#8220;1&#8243; fullwidth=&#8220;on&#8220; _builder_version=&#8220;4.3.4&#8243;][et_pb_fullwidth_header title=&#8220;Aussteller&#8220; subhead=&#8220;Montagetechnik Anbieter, Schraubtechnik Anbieter, Integratoren, Anbieter von Verbindungselementen, Anbieter von Handlingsystemen&#8220; button_one_url=&#8220;https:\/\/zukunft-technik.de\/lounge\/bereich-montagehandling\/&#8220; button_two_url=&#8220;https:\/\/zukunft-technik.de\/lounge\/bereich-verbindungselemente\/&#8220; _builder_version=&#8220;4.3.4&#8243; title_font=&#8220;|700|||||||&#8220; title_text_align=&#8220;center&#8220; subhead_text_align=&#8220;center&#8220; background_color=&#8220;rgba(191,182,179,0.27)&#8220; background_layout=&#8220;light&#8220; max_width=&#8220;100%&#8220; module_alignment=&#8220;center&#8220; min_height=&#8220;100px&#8220; height=&#8220;145px&#8220; custom_padding=&#8220;25px||25px||false|false&#8220;][\/et_pb_fullwidth_header][\/et_pb_section][et_pb_section fb_built=&#8220;1&#8243; _builder_version=&#8220;4.3.4&#8243; background_color=&#8220;rgba(0,0,0,0)&#8220; background_enable_image=&#8220;off&#8220;][et_pb_row _builder_version=&#8220;4.3.4&#8243; custom_margin=&#8220;-26px||-26px||true|false&#8220; custom_padding=&#8220;8px||8px||true|false&#8220;][et_pb_column type=&#8220;4_4&#8243; _builder_version=&#8220;4.3.4&#8243;][et_pb_tabs _builder_version=&#8220;4.3.4&#8243;][et_pb_tab title=&#8220;Kernelemente der Schraubtechnik. Hersteller&#8220; _builder_version=&#8220;4.3.4&#8243; tab_text_color=&#8220;#e09900&#8243; background_enable_color=&#8220;off&#8220; link_option_url=&#8220;#Spindel&#8220;]<\/p>\n<p>Bei dem Begriff Schraubtechnik-Hersteller beziehen wir uns auf die Produzenten von Kernelementen wie z. B. Schraubspindeln und Steuerungen. Dies ist sicherlich ein wichtiges Thema, das einen eigenen Bereich in unserer Ausstellung verdient. Um ein paar bekannte Unternehmensnamen vorab zu nennen, sind\u00a0 Deprag, Juwel, Plarad, Weber, WSM einige von den in Deutschland bekannten Marken.<\/p>\n<p>Sehr oft bieten die Schraubtechnik-Hersteller auch die Konzeptentwicklung von Schraubapplikationen an, um bessere Absatzm\u00f6glichkeiten f\u00fcr die eigene Schraubtechnik zu schaffen. Nicht selten greifen diese Unternehmer auf die Kompetenzen und Kapazit\u00e4ten von Schraubtechnikintegratoren zur\u00fcck. <\/p>\n<p>[\/et_pb_tab][et_pb_tab title=&#8220;Integratoren der Schraubtechnik &#8220; _builder_version=&#8220;4.3.4&#8243; tab_text_color=&#8220;#0c71c3&#8243; background_color=&#8220;rgba(0,0,0,0)&#8220; background_enable_color=&#8220;on&#8220; link_option_url=&#8220;#Handling&#8220;]<\/p>\n<p>Die Integratoren der Schraubtechnik (drehendes Verfahren) besch\u00e4ftigen sich mit der wichtigen Aufgabe, aus den (f\u00fcr Endkunden) schwer anwendbaren Einzelelementen funktionsf\u00e4hige Applikationen oder ganze Montagelinien zu entwerfen und zu bauen.<\/p>\n<p>[\/et_pb_tab][et_pb_tab title=&#8220;Handhabungsger\u00e4te. Hersteller und Anbieter &#8220; _builder_version=&#8220;4.3.4&#8243; tab_text_color=&#8220;rgba(224,43,32,0.61)&#8220; link_option_url=&#8220;#Handling&#8220;]<\/p>\n<p>Hier finden Sie Lieferanten f\u00fcr Handlingsysteme und Handhabungsger\u00e4te f\u00fcr F\u00fcgetechnik. Ohne Handlingger\u00e4te wie Gelenkarme, Drehmomentabst\u00fctzungen usw. kann man die Ergonomie bei den Montagearbeiten kaum gew\u00e4hrleisten. Die meisten Schraubtechnik-Integratoren nutzen nicht nur auf dem Markt vorhandene Handlingger\u00e4te, sondern entwerfen projektbezogene Handhabungsl\u00f6sungen. Nicht selten entstehen dabei auch eigene standardisierte Produkte.<\/p>\n<p>[\/et_pb_tab][et_pb_tab title=&#8220;Technisches Consulting &#8220; _builder_version=&#8220;4.3.4&#8243;]<\/p>\n<p>Insbesondere am Anfang eines Projekts ist es f\u00fcr einen Produktionsplaner oft einfacher, einen externen Berater ins Boot zu holen, um ein optimales Konzept zu entwickeln. Danach fallen viele Entscheidungen, wie zum Beispiel die Auswahl der Schraubtechnik-Hersteller, leichter. Viele Integratoren \u00fcbernehmen gerne diese Funktion f\u00fcr ihre Kunden.<\/p>\n<p>[\/et_pb_tab][\/et_pb_tabs][\/et_pb_column][\/et_pb_row][\/et_pb_section][et_pb_section fb_built=&#8220;1&#8243; fullwidth=&#8220;on&#8220; module_id=&#8220;kernelemente&#8220; _builder_version=&#8220;4.3.4&#8243; background_color=&#8220;rgba(191,182,179,0.27)&#8220;][et_pb_fullwidth_header title=&#8220;Schraubtechnik Hersteller&#8220; text_orientation=&#8220;center&#8220; button_one_text=&#8220;Aussteller werden&#8220; button_one_url=&#8220;https:\/\/zukunft-technik.de\/lounge\/fuer-aussteller\/&#8220; button_two_text=&#8220;Produkte und Leistungen &#8220; button_two_url=&#8220;https:\/\/zukunft-technik.de\/lounge\/bereich-montagehandling\/&#8220; _builder_version=&#8220;4.3.4&#8243; title_level=&#8220;h2&#8243; title_text_align=&#8220;center&#8220; background_enable_color=&#8220;off&#8220; custom_button_one=&#8220;on&#8220; button_one_text_color=&#8220;#919191&#8243; button_one_bg_color=&#8220;#ffffff&#8220; button_one_border_width=&#8220;2px&#8220; button_one_use_icon=&#8220;off&#8220; custom_button_two=&#8220;on&#8220; button_two_text_color=&#8220;#919191&#8243; button_two_bg_color=&#8220;#ffffff&#8220; button_two_border_width=&#8220;2px&#8220; button_two_use_icon=&#8220;off&#8220; background_layout=&#8220;light&#8220; border_width_all=&#8220;2px&#8220;][\/et_pb_fullwidth_header][\/et_pb_section][et_pb_section fb_built=&#8220;1&#8243; _builder_version=&#8220;4.3.4&#8243;][et_pb_row module_id=&#8220;Spindel&#8220; _builder_version=&#8220;4.3.4&#8243;][et_pb_column type=&#8220;4_4&#8243; _builder_version=&#8220;4.3.4&#8243;][et_pb_blog fullwidth=&#8220;off&#8220; include_categories=&#8220;78&#8243; show_author=&#8220;off&#8220; show_date=&#8220;off&#8220; show_categories=&#8220;off&#8220; show_pagination=&#8220;off&#8220; _builder_version=&#8220;4.3.4&#8243;][\/et_pb_blog][\/et_pb_column][\/et_pb_row][\/et_pb_section][et_pb_section fb_built=&#8220;1&#8243; fullwidth=&#8220;on&#8220; module_id=&#8220;Handling&#8220; _builder_version=&#8220;4.3.4&#8243; background_color=&#8220;rgba(191,182,179,0.27)&#8220;][et_pb_fullwidth_header title=&#8220;Schraubtechnik Integratoren und Anbieter von Handlingger\u00e4ten&#8220; text_orientation=&#8220;center&#8220; _builder_version=&#8220;4.3.4&#8243; title_level=&#8220;h2&#8243; title_text_align=&#8220;center&#8220; background_enable_color=&#8220;off&#8220; custom_button_one=&#8220;on&#8220; background_layout=&#8220;light&#8220; border_width_all=&#8220;2px&#8220;][\/et_pb_fullwidth_header][\/et_pb_section][et_pb_section fb_built=&#8220;1&#8243; _builder_version=&#8220;4.3.4&#8243;][et_pb_row _builder_version=&#8220;4.3.4&#8243;][et_pb_column type=&#8220;4_4&#8243; _builder_version=&#8220;4.3.4&#8243;][et_pb_blog fullwidth=&#8220;off&#8220; include_categories=&#8220;79&#8243; show_author=&#8220;off&#8220; show_date=&#8220;off&#8220; show_categories=&#8220;off&#8220; show_pagination=&#8220;off&#8220; _builder_version=&#8220;4.3.4&#8243;][\/et_pb_blog][\/et_pb_column][\/et_pb_row][\/et_pb_section][et_pb_section fb_built=&#8220;1&#8243; fullwidth=&#8220;on&#8220; module_id=&#8220;integratoren-bereich&#8220; _builder_version=&#8220;4.3.4&#8243; background_color=&#8220;rgba(191,182,179,0.27)&#8220;][et_pb_fullwidth_header title=&#8220;Anbieter von Montage-Zubeh\u00f6r, Montagekomponenten, Werkzeugen und Verbindungselementen&#8220; _builder_version=&#8220;4.3.4&#8243; title_level=&#8220;h2&#8243; title_text_align=&#8220;center&#8220; background_enable_color=&#8220;off&#8220; background_layout=&#8220;light&#8220; border_width_all=&#8220;2px&#8220;][\/et_pb_fullwidth_header][\/et_pb_section][et_pb_section fb_built=&#8220;1&#8243; _builder_version=&#8220;4.3.4&#8243;][et_pb_row _builder_version=&#8220;4.3.4&#8243;][et_pb_column type=&#8220;4_4&#8243; _builder_version=&#8220;4.3.4&#8243;][et_pb_blog fullwidth=&#8220;off&#8220; include_categories=&#8220;74,81&#8243; show_author=&#8220;off&#8220; show_date=&#8220;off&#8220; show_categories=&#8220;off&#8220; show_pagination=&#8220;off&#8220; _builder_version=&#8220;4.3.4&#8243;][\/et_pb_blog][\/et_pb_column][\/et_pb_row][\/et_pb_section][et_pb_section fb_built=&#8220;1&#8243; fullwidth=&#8220;on&#8220; module_id=&#8220;integratoren-bereich&#8220; _builder_version=&#8220;4.3.4&#8243; background_color=&#8220;rgba(191,182,179,0.27)&#8220;][et_pb_fullwidth_header title=&#8220;Erweiterte Lieferantenliste aus unserem Firmenverzeichnis&#8220; text_orientation=&#8220;center&#8220; button_one_text=&#8220;Montagetechnik&#8220; button_one_url=&#8220;https:\/\/zukunft-technik.de\/lounge\/aussteller\/firmenverzeichnis-montagetechnik\/&#8220; button_two_text=&#8220;Automatisierer&#8220; button_two_url=&#8220;https:\/\/zukunft-technik.de\/lounge\/aussteller\/firmenverzeichnis-automatisierer\/&#8220; _builder_version=&#8220;4.3.4&#8243; title_level=&#8220;h2&#8243; title_text_align=&#8220;center&#8220; background_enable_color=&#8220;off&#8220; custom_button_one=&#8220;on&#8220; button_one_text_color=&#8220;#000000&#8243; button_one_bg_color=&#8220;#ffffff&#8220; custom_button_two=&#8220;on&#8220; button_two_text_color=&#8220;#000000&#8243; button_two_bg_color=&#8220;#ffffff&#8220; background_layout=&#8220;light&#8220; border_width_all=&#8220;2px&#8220;][\/et_pb_fullwidth_header][\/et_pb_section]<\/p>\n","protected":false},"excerpt":{"rendered":"<p>[et_pb_section fb_built=&#8220;1&#8243; fullwidth=&#8220;on&#8220; _builder_version=&#8220;4.3.4&#8243;][et_pb_fullwidth_header title=&#8220;Aussteller&#8220; subhead=&#8220;Montagetechnik Anbieter, Schraubtechnik Anbieter, Integratoren, Anbieter von Verbindungselementen, Anbieter von Handlingsystemen&#8220; button_one_url=&#8220;https:\/\/zukunft-technik.de\/lounge\/bereich-montagehandling\/&#8220; button_two_url=&#8220;https:\/\/zukunft-technik.de\/lounge\/bereich-verbindungselemente\/&#8220; _builder_version=&#8220;4.3.4&#8243; title_font=&#8220;|700|||||||&#8220; title_text_align=&#8220;center&#8220; subhead_text_align=&#8220;center&#8220; background_color=&#8220;rgba(191,182,179,0.27)&#8220; background_layout=&#8220;light&#8220; max_width=&#8220;100%&#8220; module_alignment=&#8220;center&#8220; min_height=&#8220;100px&#8220; height=&#8220;145px&#8220; custom_padding=&#8220;25px||25px||false|false&#8220;][\/et_pb_fullwidth_header][\/et_pb_section][et_pb_section fb_built=&#8220;1&#8243; _builder_version=&#8220;4.3.4&#8243; background_color=&#8220;rgba(0,0,0,0)&#8220; background_enable_image=&#8220;off&#8220;][et_pb_row _builder_version=&#8220;4.3.4&#8243; custom_margin=&#8220;-26px||-26px||true|false&#8220; custom_padding=&#8220;8px||8px||true|false&#8220;][et_pb_column type=&#8220;4_4&#8243; _builder_version=&#8220;4.3.4&#8243;][et_pb_tabs _builder_version=&#8220;4.3.4&#8243;][et_pb_tab title=&#8220;Kernelemente der Schraubtechnik. Hersteller&#8220; _builder_version=&#8220;4.3.4&#8243; tab_text_color=&#8220;#e09900&#8243; background_enable_color=&#8220;off&#8220; link_option_url=&#8220;#Spindel&#8220;] Bei dem Begriff Schraubtechnik-Hersteller beziehen wir uns auf [&hellip;]<\/p>\n","protected":false},"author":1,"featured_media":2351,"parent":0,"menu_order":0,"comment_status":"closed","ping_status":"closed","template":"","meta":{"_et_pb_use_builder":"on","_et_pb_old_content":"","_et_gb_content_width":"","footnotes":""},"class_list":["post-121","page","type-page","status-publish","has-post-thumbnail","hentry"],"yoast_head":"<!-- This site is optimized with the Yoast SEO plugin v26.0 - https:\/\/yoast.com\/wordpress\/plugins\/seo\/ -->\n<title>Montagetechnik-Anbieter - Liefrantenverzeichnis f\u00fcr Profis<\/title>\n<meta name=\"description\" content=\"Das ist der Ausstellerraum unserer virtuellen Messe. Hier stellen sich Lieferanten f\u00fcr Montagetechnik, Schraubtechnik und Handhabungstechnik vor.\" \/>\n<meta name=\"robots\" content=\"index, follow, max-snippet:-1, max-image-preview:large, max-video-preview:-1\" \/>\n<link rel=\"canonical\" href=\"https:\/\/zukunft-technik.de\/lounge\/aussteller\/\" \/>\n<meta property=\"og:locale\" content=\"de_DE\" \/>\n<meta property=\"og:type\" content=\"article\" \/>\n<meta property=\"og:title\" content=\"Montagetechnik-Anbieter - Liefrantenverzeichnis f\u00fcr Profis\" \/>\n<meta property=\"og:description\" content=\"Das ist der Ausstellerraum unserer virtuellen Messe. Hier stellen sich Lieferanten f\u00fcr Montagetechnik, Schraubtechnik und Handhabungstechnik vor.\" \/>\n<meta property=\"og:url\" content=\"https:\/\/zukunft-technik.de\/lounge\/aussteller\/\" \/>\n<meta property=\"og:site_name\" content=\"Lounge\" \/>\n<meta property=\"article:modified_time\" content=\"2021-01-20T15:39:32+00:00\" \/>\n<meta property=\"og:image\" content=\"https:\/\/zukunft-technik.de\/lounge\/wp-content\/uploads\/2020\/05\/Ausstellung-Lieferanten-Schraubtechnik.jpg\" \/>\n\t<meta property=\"og:image:width\" content=\"600\" \/>\n\t<meta property=\"og:image:height\" content=\"400\" \/>\n\t<meta property=\"og:image:type\" content=\"image\/jpeg\" \/>\n<meta name=\"twitter:card\" content=\"summary_large_image\" \/>\n<meta name=\"twitter:label1\" content=\"Gesch\u00e4tzte Lesezeit\" \/>\n\t<meta name=\"twitter:data1\" content=\"5\u00a0Minuten\" \/>\n<script type=\"application\/ld+json\" class=\"yoast-schema-graph\">{\"@context\":\"https:\/\/schema.org\",\"@graph\":[{\"@type\":\"WebPage\",\"@id\":\"https:\/\/zukunft-technik.de\/lounge\/aussteller\/\",\"url\":\"https:\/\/zukunft-technik.de\/lounge\/aussteller\/\",\"name\":\"Montagetechnik-Anbieter - Liefrantenverzeichnis f\u00fcr Profis\",\"isPartOf\":{\"@id\":\"https:\/\/zukunft-technik.de\/lounge\/#website\"},\"primaryImageOfPage\":{\"@id\":\"https:\/\/zukunft-technik.de\/lounge\/aussteller\/#primaryimage\"},\"image\":{\"@id\":\"https:\/\/zukunft-technik.de\/lounge\/aussteller\/#primaryimage\"},\"thumbnailUrl\":\"https:\/\/zukunft-technik.de\/lounge\/wp-content\/uploads\/2020\/05\/Ausstellung-Lieferanten-Schraubtechnik.jpg\",\"datePublished\":\"2020-03-21T13:42:11+00:00\",\"dateModified\":\"2021-01-20T15:39:32+00:00\",\"description\":\"Das ist der Ausstellerraum unserer virtuellen Messe. Hier stellen sich Lieferanten f\u00fcr Montagetechnik, Schraubtechnik und Handhabungstechnik vor.\",\"breadcrumb\":{\"@id\":\"https:\/\/zukunft-technik.de\/lounge\/aussteller\/#breadcrumb\"},\"inLanguage\":\"de\",\"potentialAction\":[{\"@type\":\"ReadAction\",\"target\":[\"https:\/\/zukunft-technik.de\/lounge\/aussteller\/\"]}]},{\"@type\":\"ImageObject\",\"inLanguage\":\"de\",\"@id\":\"https:\/\/zukunft-technik.de\/lounge\/aussteller\/#primaryimage\",\"url\":\"https:\/\/zukunft-technik.de\/lounge\/wp-content\/uploads\/2020\/05\/Ausstellung-Lieferanten-Schraubtechnik.jpg\",\"contentUrl\":\"https:\/\/zukunft-technik.de\/lounge\/wp-content\/uploads\/2020\/05\/Ausstellung-Lieferanten-Schraubtechnik.jpg\",\"width\":600,\"height\":400,\"caption\":\"Montagetechnik Anbieter\"},{\"@type\":\"BreadcrumbList\",\"@id\":\"https:\/\/zukunft-technik.de\/lounge\/aussteller\/#breadcrumb\",\"itemListElement\":[{\"@type\":\"ListItem\",\"position\":1,\"name\":\"Startseite\",\"item\":\"https:\/\/zukunft-technik.de\/lounge\/\"},{\"@type\":\"ListItem\",\"position\":2,\"name\":\"Aussteller\"}]},{\"@type\":\"WebSite\",\"@id\":\"https:\/\/zukunft-technik.de\/lounge\/#website\",\"url\":\"https:\/\/zukunft-technik.de\/lounge\/\",\"name\":\"Lounge\",\"description\":\"Virtuelle Ausstellung Special Content\",\"publisher\":{\"@id\":\"https:\/\/zukunft-technik.de\/lounge\/#organization\"},\"potentialAction\":[{\"@type\":\"SearchAction\",\"target\":{\"@type\":\"EntryPoint\",\"urlTemplate\":\"https:\/\/zukunft-technik.de\/lounge\/?s={search_term_string}\"},\"query-input\":{\"@type\":\"PropertyValueSpecification\",\"valueRequired\":true,\"valueName\":\"search_term_string\"}}],\"inLanguage\":\"de\"},{\"@type\":\"Organization\",\"@id\":\"https:\/\/zukunft-technik.de\/lounge\/#organization\",\"name\":\"Agentur \\\"Special Content\\\"\",\"url\":\"https:\/\/zukunft-technik.de\/lounge\/\",\"logo\":{\"@type\":\"ImageObject\",\"inLanguage\":\"de\",\"@id\":\"https:\/\/zukunft-technik.de\/lounge\/#\/schema\/logo\/image\/\",\"url\":\"https:\/\/zukunft-technik.de\/lounge\/wp-content\/uploads\/2020\/03\/Untitled-1.png\",\"contentUrl\":\"https:\/\/zukunft-technik.de\/lounge\/wp-content\/uploads\/2020\/03\/Untitled-1.png\",\"width\":700,\"height\":299,\"caption\":\"Agentur \\\"Special Content\\\"\"},\"image\":{\"@id\":\"https:\/\/zukunft-technik.de\/lounge\/#\/schema\/logo\/image\/\"}}]}<\/script>\n<!-- \/ Yoast SEO plugin. -->","yoast_head_json":{"title":"Montagetechnik-Anbieter - Liefrantenverzeichnis f\u00fcr Profis","description":"Das ist der Ausstellerraum unserer virtuellen Messe. Hier stellen sich Lieferanten f\u00fcr Montagetechnik, Schraubtechnik und Handhabungstechnik vor.","robots":{"index":"index","follow":"follow","max-snippet":"max-snippet:-1","max-image-preview":"max-image-preview:large","max-video-preview":"max-video-preview:-1"},"canonical":"https:\/\/zukunft-technik.de\/lounge\/aussteller\/","og_locale":"de_DE","og_type":"article","og_title":"Montagetechnik-Anbieter - Liefrantenverzeichnis f\u00fcr Profis","og_description":"Das ist der Ausstellerraum unserer virtuellen Messe. Hier stellen sich Lieferanten f\u00fcr Montagetechnik, Schraubtechnik und Handhabungstechnik vor.","og_url":"https:\/\/zukunft-technik.de\/lounge\/aussteller\/","og_site_name":"Lounge","article_modified_time":"2021-01-20T15:39:32+00:00","og_image":[{"width":600,"height":400,"url":"https:\/\/zukunft-technik.de\/lounge\/wp-content\/uploads\/2020\/05\/Ausstellung-Lieferanten-Schraubtechnik.jpg","type":"image\/jpeg"}],"twitter_card":"summary_large_image","twitter_misc":{"Gesch\u00e4tzte Lesezeit":"5\u00a0Minuten"},"schema":{"@context":"https:\/\/schema.org","@graph":[{"@type":"WebPage","@id":"https:\/\/zukunft-technik.de\/lounge\/aussteller\/","url":"https:\/\/zukunft-technik.de\/lounge\/aussteller\/","name":"Montagetechnik-Anbieter - Liefrantenverzeichnis f\u00fcr Profis","isPartOf":{"@id":"https:\/\/zukunft-technik.de\/lounge\/#website"},"primaryImageOfPage":{"@id":"https:\/\/zukunft-technik.de\/lounge\/aussteller\/#primaryimage"},"image":{"@id":"https:\/\/zukunft-technik.de\/lounge\/aussteller\/#primaryimage"},"thumbnailUrl":"https:\/\/zukunft-technik.de\/lounge\/wp-content\/uploads\/2020\/05\/Ausstellung-Lieferanten-Schraubtechnik.jpg","datePublished":"2020-03-21T13:42:11+00:00","dateModified":"2021-01-20T15:39:32+00:00","description":"Das ist der Ausstellerraum unserer virtuellen Messe. Hier stellen sich Lieferanten f\u00fcr Montagetechnik, Schraubtechnik und Handhabungstechnik vor.","breadcrumb":{"@id":"https:\/\/zukunft-technik.de\/lounge\/aussteller\/#breadcrumb"},"inLanguage":"de","potentialAction":[{"@type":"ReadAction","target":["https:\/\/zukunft-technik.de\/lounge\/aussteller\/"]}]},{"@type":"ImageObject","inLanguage":"de","@id":"https:\/\/zukunft-technik.de\/lounge\/aussteller\/#primaryimage","url":"https:\/\/zukunft-technik.de\/lounge\/wp-content\/uploads\/2020\/05\/Ausstellung-Lieferanten-Schraubtechnik.jpg","contentUrl":"https:\/\/zukunft-technik.de\/lounge\/wp-content\/uploads\/2020\/05\/Ausstellung-Lieferanten-Schraubtechnik.jpg","width":600,"height":400,"caption":"Montagetechnik Anbieter"},{"@type":"BreadcrumbList","@id":"https:\/\/zukunft-technik.de\/lounge\/aussteller\/#breadcrumb","itemListElement":[{"@type":"ListItem","position":1,"name":"Startseite","item":"https:\/\/zukunft-technik.de\/lounge\/"},{"@type":"ListItem","position":2,"name":"Aussteller"}]},{"@type":"WebSite","@id":"https:\/\/zukunft-technik.de\/lounge\/#website","url":"https:\/\/zukunft-technik.de\/lounge\/","name":"Lounge","description":"Virtuelle Ausstellung Special Content","publisher":{"@id":"https:\/\/zukunft-technik.de\/lounge\/#organization"},"potentialAction":[{"@type":"SearchAction","target":{"@type":"EntryPoint","urlTemplate":"https:\/\/zukunft-technik.de\/lounge\/?s={search_term_string}"},"query-input":{"@type":"PropertyValueSpecification","valueRequired":true,"valueName":"search_term_string"}}],"inLanguage":"de"},{"@type":"Organization","@id":"https:\/\/zukunft-technik.de\/lounge\/#organization","name":"Agentur \"Special Content\"","url":"https:\/\/zukunft-technik.de\/lounge\/","logo":{"@type":"ImageObject","inLanguage":"de","@id":"https:\/\/zukunft-technik.de\/lounge\/#\/schema\/logo\/image\/","url":"https:\/\/zukunft-technik.de\/lounge\/wp-content\/uploads\/2020\/03\/Untitled-1.png","contentUrl":"https:\/\/zukunft-technik.de\/lounge\/wp-content\/uploads\/2020\/03\/Untitled-1.png","width":700,"height":299,"caption":"Agentur \"Special Content\""},"image":{"@id":"https:\/\/zukunft-technik.de\/lounge\/#\/schema\/logo\/image\/"}}]}},"_links":{"self":[{"href":"https:\/\/zukunft-technik.de\/lounge\/wp-json\/wp\/v2\/pages\/121","targetHints":{"allow":["GET"]}}],"collection":[{"href":"https:\/\/zukunft-technik.de\/lounge\/wp-json\/wp\/v2\/pages"}],"about":[{"href":"https:\/\/zukunft-technik.de\/lounge\/wp-json\/wp\/v2\/types\/page"}],"author":[{"embeddable":true,"href":"https:\/\/zukunft-technik.de\/lounge\/wp-json\/wp\/v2\/users\/1"}],"replies":[{"embeddable":true,"href":"https:\/\/zukunft-technik.de\/lounge\/wp-json\/wp\/v2\/comments?post=121"}],"version-history":[{"count":1,"href":"https:\/\/zukunft-technik.de\/lounge\/wp-json\/wp\/v2\/pages\/121\/revisions"}],"predecessor-version":[{"id":3716,"href":"https:\/\/zukunft-technik.de\/lounge\/wp-json\/wp\/v2\/pages\/121\/revisions\/3716"}],"wp:featuredmedia":[{"embeddable":true,"href":"https:\/\/zukunft-technik.de\/lounge\/wp-json\/wp\/v2\/media\/2351"}],"wp:attachment":[{"href":"https:\/\/zukunft-technik.de\/lounge\/wp-json\/wp\/v2\/media?parent=121"}],"curies":[{"name":"wp","href":"https:\/\/api.w.org\/{rel}","templated":true}]}}